{"id":26544,"date":"2021-10-27T12:11:57","date_gmt":"2021-10-27T11:11:57","guid":{"rendered":"https:\/\/cpanel-site.devdns.pt\/?page_id=26544"},"modified":"2026-01-29T11:37:41","modified_gmt":"2026-01-29T11:37:41","slug":"legislacao-e-boas-praticas","status":"publish","type":"page","link":"https:\/\/ptsoc.pt.pt\/pt\/legislacao-e-boas-praticas\/","title":{"rendered":"Legisla\u00e7\u00e3o e Boas Pr\u00e1ticas"},"content":{"rendered":"\n<section class=\"wp-block-group alignfull has-background is-layout-flow wp-block-group-is-layout-flow\" style=\"background-color:#e7e6e6\">\n<section class=\"wp-block-uagb-section uagb-section__wrap uagb-section__background-none uagb-block-fde2b6e2\"><div class=\"uagb-section__overlay\"><\/div><div class=\"uagb-section__inner-wrap\">\n<div class=\"wp-block-columns alignwide is-layout-flex wp-container-core-columns-is-layout-28f84493 wp-block-columns-is-layout-flex\">\n<div class=\"wp-block-column is-vertically-aligned-top is-layout-flow wp-block-column-is-layout-flow\" style=\"flex-basis:900px\">\n<h1 class=\"wp-block-heading\">LEGISLA\u00c7\u00c3O E BOAS PR\u00c1TICAS<\/h1>\n<\/div>\n<\/div>\n<\/div><\/section>\n\n\n\n<div style=\"height:60px\" aria-hidden=\"true\" class=\"wp-block-spacer uag-hide-tab uag-hide-mob uag-hide-tab uag-hide-mob\"><\/div>\n\n\n\n<section class=\"wp-block-uagb-section uagb-section__wrap uagb-section__background-none uagb-block-e0559704\"><div class=\"uagb-section__overlay\"><\/div><div class=\"uagb-section__inner-wrap\">\n<div class=\"wp-block-columns is-layout-flex wp-container-core-columns-is-layout-28f84493 wp-block-columns-is-layout-flex\">\n<div class=\"wp-block-column is-vertically-aligned-top is-layout-flow wp-block-column-is-layout-flow\" style=\"flex-basis:200px\">\n<figure class=\"wp-block-image alignfull size-full is-resized is-style-default uag-hide-mob\"><img decoding=\"async\" src=\"https:\/\/ptsoc.pt.pt\/wp-content\/uploads\/2021\/10\/legal.svg\" alt=\"\" class=\"wp-image-26551\"\/><\/figure>\n<\/div>\n\n\n\n<div class=\"wp-block-column is-vertically-aligned-top is-layout-flow wp-container-core-column-is-layout-8a368f38 wp-block-column-is-layout-flow\" style=\"flex-basis:800px\">\n<h3 class=\"wp-block-heading\" style=\"margin-bottom:20px\"><span class=\"has-inline-color has-ast-global-color-0-color\"><strong>QUADRO JUR\u00cdDICO NACIONAL <\/strong><\/span><\/h3>\n\n\n\n<ul class=\"wp-block-list\">\n<li style=\"margin-right:0px;margin-bottom:15px;padding-right:0;padding-bottom:0rem\"><meta charset=\"utf-8\">Regime Jur\u00eddico da Ciberseguran\u00e7a: Decreto-Lei n.\u00ba 125\/2025, de 4 de dezembro \u2013 <a href=\"https:\/\/diariodarepublica.pt\/dr\/detalhe\/decreto-lei\/125-2025-962603401\">Clique aqui<\/a><\/li>\n<\/ul>\n\n\n\n<ul class=\"wp-block-list\">\n<li style=\"margin-right:0px;margin-bottom:15px\">Transposi\u00e7\u00e3o da Diretiva CER: Decreto-Lei n.\u00ba 22\/2025, de 19 de mar\u00e7o \u2013 <a href=\"https:\/\/diariodarepublica.pt\/dr\/detalhe\/decreto-lei\/22-2025-911488699\">Clique aqui<\/a><\/li>\n<\/ul>\n\n\n\n<ul class=\"wp-block-list\">\n<li style=\"margin-right:0px;margin-bottom:15px\">Execu\u00e7\u00e3o do Regime Jur\u00eddico da Seguran\u00e7a do Ciberespa\u00e7o: Decreto-Lei n.\u00ba 65\/2021, de 30 de junho \u2013&nbsp;<a href=\"https:\/\/dre.pt\/application\/conteudo\/168697988\" target=\"_blank\" rel=\"noreferrer noopener\">Clique aqui<\/a><\/li>\n<\/ul>\n\n\n\n<ul class=\"wp-block-list\">\n<li style=\"margin-right:0px;margin-bottom:15px\">Estrat\u00e9gia Nacional de Seguran\u00e7a do Ciberespa\u00e7o 2019-2023: Resolu\u00e7\u00e3o do Conselho de Ministros n.\u00ba 92\/2019, de 5 de junho &#8211; <a href=\"https:\/\/diariodarepublica.pt\/dr\/detalhe\/resolucao-conselho-ministros\/92-2019-122498962\">Clique aqui<\/a><\/li>\n<\/ul>\n\n\n\n<ul class=\"wp-block-list\">\n<li style=\"margin-right:0px\">Regime Jur\u00eddico da Seguran\u00e7a do Ciberespa\u00e7o: Lei n.\u00ba 46\/2018, de 13 de agosto \u2013&nbsp;<a href=\"https:\/\/dre.pt\/application\/conteudo\/116029384\" target=\"_blank\" rel=\"noreferrer noopener\">Clique aqui<\/a><\/li>\n<\/ul>\n<\/div>\n<\/div>\n\n\n\n<div style=\"height:30px\" aria-hidden=\"true\" class=\"wp-block-spacer uag-hide-tab uag-hide-mob uag-hide-tab uag-hide-mob\"><\/div>\n\n\n\n<div class=\"wp-block-columns is-layout-flex wp-container-core-columns-is-layout-28f84493 wp-block-columns-is-layout-flex\">\n<div class=\"wp-block-column is-layout-flow wp-block-column-is-layout-flow\" style=\"flex-basis:200px\">\n<figure class=\"wp-block-image alignfull size-full is-resized is-style-default uag-hide-mob\"><img decoding=\"async\" src=\"https:\/\/ptsoc.dns.pt\/wp-content\/uploads\/2021\/10\/europe.svg\" alt=\"\" class=\"wp-image-26552\"\/><\/figure>\n<\/div>\n\n\n\n<div class=\"wp-block-column is-vertically-aligned-top is-layout-flow wp-container-core-column-is-layout-8a368f38 wp-block-column-is-layout-flow\" style=\"flex-basis:800px\">\n<h3 class=\"wp-block-heading\" style=\"margin-bottom:20px\"><span class=\"has-inline-color has-ast-global-color-0-color\"><strong>QUADRO JUR\u00cdDICO COMUNIT\u00c1RIO<\/strong><\/span><\/h3>\n\n\n\n<ul class=\"wp-block-list\">\n<li style=\"margin-bottom:15px\">Regulamento de Cibersolidariedade: Regulamento (UE) 2025\/38, de 19 de dezembro \u2013 <a href=\"https:\/\/eur-lex.europa.eu\/legal-content\/PT\/TXT\/PDF\/?uri=OJ:L_202500038\">Clique aqui<\/a><\/li>\n<\/ul>\n\n\n\n<ul class=\"wp-block-list\">\n<li style=\"margin-bottom:15px\">Regulamento de Ciber-Resili\u00eancia: Regulamento (UE) 2024\/2847, de 23 de outubro \u2013 <a href=\"https:\/\/eur-lex.europa.eu\/legal-content\/PT\/TXT\/?uri=OJ:L_202402847\" target=\"_blank\" rel=\"noreferrer noopener\">Clique aqui<\/a><\/li>\n<\/ul>\n\n\n\n<ul class=\"wp-block-list\">\n<li style=\"margin-bottom:15px\">Regulamento de Execu\u00e7\u00e3o (UE) 2024\/2690 da Comiss\u00e3o, de 17&nbsp;de&nbsp;outubro \u2013 <a href=\"https:\/\/eur-lex.europa.eu\/legal-content\/PT\/TXT\/?uri=CELEX:32024R2690\">Clique aqui<\/a><\/li>\n<\/ul>\n\n\n\n<ul class=\"wp-block-list\">\n<li style=\"margin-bottom:15px\">Regulamento DORA: Regulamento (UE) 2022\/2554, de 14 de dezembro \u2013 <a href=\"https:\/\/eur-lex.europa.eu\/legal-content\/PT\/TXT\/HTML\/?uri=CELEX:32022R2554\">Clique aqui<\/a><\/li>\n<\/ul>\n\n\n\n<ul class=\"wp-block-list\">\n<li style=\"margin-bottom:15px\">Diretiva NIS 2: Diretiva (UE) 2022\/2555, de 14 de dezembro \u2013 <a href=\"https:\/\/eur-lex.europa.eu\/legal-content\/PT\/TXT\/HTML\/?uri=CELEX:32022L2555\">Clique aqui<\/a><\/li>\n<\/ul>\n\n\n\n<ul class=\"wp-block-list\">\n<li style=\"margin-bottom:15px\">Diretiva CER: Diretiva (UE) 2022\/2557, de 14 de dezembro \u2013 <a href=\"https:\/\/eur-lex.europa.eu\/legal-content\/PT\/TXT\/HTML\/?uri=CELEX:32022L2557\">Clique aqui <\/a>&nbsp;<\/li>\n<\/ul>\n\n\n\n<ul class=\"wp-block-list\">\n<li style=\"margin-bottom:15px\">Estrat\u00e9gia Europeia para a Ciberseguran\u00e7a \u2013 <a href=\"https:\/\/digital-strategy.ec.europa.eu\/en\/library\/eus-cybersecurity-strategy-digital-decade-0\">Clique aqui<\/a><\/li>\n<\/ul>\n\n\n\n<ul class=\"wp-block-list\">\n<li style=\"margin-bottom:15px\">Regulamento Ciberseguran\u00e7a: Regulamento (UE) 2019\/881, de 17 de abril \u2013 <a href=\"https:\/\/eur-lex.europa.eu\/legal-content\/PT\/TXT\/HTML\/?uri=CELEX:32019R0881\">Clique aqui <\/a>&nbsp;<\/li>\n<\/ul>\n\n\n\n<ul class=\"wp-block-list\">\n<li>Diretiva NIS 1: Diretiva (UE) 2016\/1148, de 6 de julho \u2013&nbsp;<a href=\"https:\/\/eur-lex.europa.eu\/legal-content\/PT\/TXT\/PDF\/?uri=CELEX:32016L1148&amp;from=PT\" target=\"_blank\" rel=\"noreferrer noopener\">Clique aqui<\/a><\/li>\n<\/ul>\n<\/div>\n<\/div>\n\n\n\n<div style=\"height:30px\" aria-hidden=\"true\" class=\"wp-block-spacer uag-hide-tab uag-hide-mob uag-hide-tab uag-hide-mob\"><\/div>\n\n\n\n<div class=\"wp-block-columns are-vertically-aligned-top is-layout-flex wp-container-core-columns-is-layout-28f84493 wp-block-columns-is-layout-flex\">\n<div class=\"wp-block-column is-vertically-aligned-top is-layout-flow wp-block-column-is-layout-flow\" style=\"flex-basis:200px\">\n<figure class=\"wp-block-image alignfull size-full is-resized is-style-default uag-hide-mob\"><img decoding=\"async\" src=\"https:\/\/ptsoc.dns.pt\/wp-content\/uploads\/2021\/10\/boaspraticas.svg\" alt=\"\" class=\"wp-image-26553\"\/><\/figure>\n<\/div>\n\n\n\n<div class=\"wp-block-column is-vertically-aligned-top is-layout-flow wp-block-column-is-layout-flow\" style=\"flex-basis:800px\">\n<h3 class=\"wp-block-heading\"><span class=\"has-inline-color has-ast-global-color-0-color\"><strong>BOAS PR\u00c1TICAS EM CIBERSEGURAN\u00c7A<\/strong><\/span><\/h3>\n\n\n\n<ul class=\"wp-block-list\">\n<li style=\"margin-bottom:15px\">DNSSEC (Domain Name System Security Extensions) &#8211; Para saber mais sobre DNSSEC consulte o &#8220;<a href=\"https:\/\/webcheck.pt\/fotos\/editor2\/tutorialdnssec.pdf\" target=\"_blank\" rel=\"noreferrer noopener\">Tutorial DNSSEC<\/a>&#8220;, Associa\u00e7\u00e3o DNS.PT, 2019 <\/li>\n\n\n\n<li style=\"margin-bottom:15px\">SPF, DKIM e DMARC &#8211; Consulte a &#8220;<a href=\"https:\/\/www.cncs.gov.pt\/content\/files\/cncs_rt0119_spf_dkim_dmarc.pdf\" target=\"_blank\" rel=\"noreferrer noopener\">Recomenda\u00e7\u00e3o T\u00e9cnica 01\/2019<\/a>&#8220;, <br>Centro Nacional de Ciberseguran\u00e7a, 2019 <\/li>\n\n\n\n<li>Prote\u00e7\u00e3o de dom\u00ednios estacionados &#8220;Parked Domains&#8221; &#8211; Consulte a &#8220;<a data-type=\"URL\" href=\"https:\/\/www.cncs.gov.pt\/pt\/recomendacao-tecnica-01\/2020\/\" target=\"_blank\" rel=\"noreferrer noopener\">Recomenda\u00e7\u00e3o <\/a><br><a data-type=\"URL\" href=\"https:\/\/www.cncs.gov.pt\/pt\/recomendacao-tecnica-01\/2020\/\" target=\"_blank\" rel=\"noreferrer noopener\">T\u00e9cnica 01\/2020<\/a>&#8220;, Centro Nacional de Ciberseguran\u00e7a, 2020.<\/li>\n<\/ul>\n<\/div>\n<\/div>\n<\/div><\/section>\n\n\n\n<div style=\"height:50px\" aria-hidden=\"true\" class=\"wp-block-spacer uag-hide-tab uag-hide-mob uag-hide-tab uag-hide-mob\"><\/div>\n<\/section>\n\n\n\n<p><\/p>\n","protected":false},"excerpt":{"rendered":"","protected":false},"author":1,"featured_media":0,"parent":0,"menu_order":0,"comment_status":"closed","ping_status":"closed","template":"","meta":{"_coblocks_attr":"","_coblocks_dimensions":"","_coblocks_responsive_height":"","_coblocks_accordion_ie_support":"","_eb_attr":"","_uag_custom_page_level_css":"","site-sidebar-layout":"no-sidebar","site-content-layout":"plain-container","ast-site-content-layout":"normal-width-container","site-content-style":"unboxed","site-sidebar-style":"unboxed","ast-global-header-display":"","ast-banner-title-visibility":"","ast-main-header-display":"","ast-hfb-above-header-display":"","ast-hfb-below-header-display":"","ast-hfb-mobile-header-display":"","site-post-title":"","ast-breadcrumbs-content":"","ast-featured-img":"","footer-sml-layout":"","ast-disable-related-posts":"","theme-transparent-header-meta":"enabled","adv-header-id-meta":"","stick-header-meta":"","header-above-stick-meta":"","header-main-stick-meta":"","header-below-stick-meta":"","astra-migrate-meta-layouts":"set","ast-page-background-enabled":"default","ast-page-background-meta":{"desktop":{"background-color":"","background-image":"","background-repeat":"repeat","background-position":"center center","background-size":"auto","background-attachment":"scroll","background-type":"","background-media":"","overlay-type":"","overlay-color":"","overlay-opacity":"","overlay-gradient":""},"tablet":{"background-color":"","background-image":"","background-repeat":"repeat","background-position":"center center","background-size":"auto","background-attachment":"scroll","background-type":"","background-media":"","overlay-type":"","overlay-color":"","overlay-opacity":"","overlay-gradient":""},"mobile":{"background-color":"","background-image":"","background-repeat":"repeat","background-position":"center center","background-size":"auto","background-attachment":"scroll","background-type":"","background-media":"","overlay-type":"","overlay-color":"","overlay-opacity":"","overlay-gradient":""}},"ast-content-background-meta":{"desktop":{"background-color":"var(--ast-global-color-5)","background-image":"","background-repeat":"repeat","background-position":"center center","background-size":"auto","background-attachment":"scroll","background-type":"","background-media":"","overlay-type":"","overlay-color":"","overlay-opacity":"","overlay-gradient":""},"tablet":{"background-color":"var(--ast-global-color-5)","background-image":"","background-repeat":"repeat","background-position":"center center","background-size":"auto","background-attachment":"scroll","background-type":"","background-media":"","overlay-type":"","overlay-color":"","overlay-opacity":"","overlay-gradient":""},"mobile":{"background-color":"var(--ast-global-color-5)","background-image":"","background-repeat":"repeat","background-position":"center center","background-size":"auto","background-attachment":"scroll","background-type":"","background-media":"","overlay-type":"","overlay-color":"","overlay-opacity":"","overlay-gradient":""}},"footnotes":""},"class_list":["post-26544","page","type-page","status-publish","hentry"],"yoast_head":"<!-- This site is optimized with the Yoast SEO plugin v27.5 - https:\/\/yoast.com\/product\/yoast-seo-wordpress\/ -->\n<title>Legisla\u00e7\u00e3o e Boas Pr\u00e1ticas - PTSOC - Centro de Opera\u00e7\u00f5es de Seguran\u00e7a do .PT<\/title>\n<meta name=\"robots\" content=\"index, follow, max-snippet:-1, max-image-preview:large, max-video-preview:-1\" \/>\n<link rel=\"canonical\" href=\"https:\/\/ptsoc.pt.pt\/pt\/legislacao-e-boas-praticas\/\" \/>\n<meta property=\"og:locale\" content=\"pt_PT\" \/>\n<meta property=\"og:type\" content=\"article\" \/>\n<meta property=\"og:title\" content=\"Legisla\u00e7\u00e3o e Boas Pr\u00e1ticas - PTSOC - Centro de Opera\u00e7\u00f5es de Seguran\u00e7a do .PT\" \/>\n<meta property=\"og:url\" content=\"https:\/\/ptsoc.pt.pt\/pt\/legislacao-e-boas-praticas\/\" \/>\n<meta property=\"og:site_name\" content=\"PTSOC - Centro de Opera\u00e7\u00f5es de Seguran\u00e7a do .PT\" \/>\n<meta property=\"article:modified_time\" content=\"2026-01-29T11:37:41+00:00\" \/>\n<meta name=\"twitter:card\" content=\"summary_large_image\" \/>\n<meta name=\"twitter:label1\" content=\"Tempo estimado de leitura\" \/>\n\t<meta name=\"twitter:data1\" content=\"2 minutos\" \/>\n<script type=\"application\/ld+json\" class=\"yoast-schema-graph\">{\"@context\":\"https:\\\/\\\/schema.org\",\"@graph\":[{\"@type\":\"WebPage\",\"@id\":\"https:\\\/\\\/ptsoc.pt.pt\\\/legislacao-e-boas-praticas\\\/\",\"url\":\"https:\\\/\\\/ptsoc.pt.pt\\\/legislacao-e-boas-praticas\\\/\",\"name\":\"Legisla\u00e7\u00e3o e Boas Pr\u00e1ticas - PTSOC - Centro de Opera\u00e7\u00f5es de Seguran\u00e7a do .PT\",\"isPartOf\":{\"@id\":\"https:\\\/\\\/ptsoc.pt.pt\\\/pt\\\/#website\"},\"primaryImageOfPage\":{\"@id\":\"https:\\\/\\\/ptsoc.pt.pt\\\/legislacao-e-boas-praticas\\\/#primaryimage\"},\"image\":{\"@id\":\"https:\\\/\\\/ptsoc.pt.pt\\\/legislacao-e-boas-praticas\\\/#primaryimage\"},\"thumbnailUrl\":\"https:\\\/\\\/ptsoc.pt.pt\\\/wp-content\\\/uploads\\\/2021\\\/10\\\/legal.svg\",\"datePublished\":\"2021-10-27T11:11:57+00:00\",\"dateModified\":\"2026-01-29T11:37:41+00:00\",\"breadcrumb\":{\"@id\":\"https:\\\/\\\/ptsoc.pt.pt\\\/legislacao-e-boas-praticas\\\/#breadcrumb\"},\"inLanguage\":\"pt-PT\",\"potentialAction\":[{\"@type\":\"ReadAction\",\"target\":[\"https:\\\/\\\/ptsoc.pt.pt\\\/legislacao-e-boas-praticas\\\/\"]}]},{\"@type\":\"ImageObject\",\"inLanguage\":\"pt-PT\",\"@id\":\"https:\\\/\\\/ptsoc.pt.pt\\\/legislacao-e-boas-praticas\\\/#primaryimage\",\"url\":\"https:\\\/\\\/ptsoc.pt.pt\\\/wp-content\\\/uploads\\\/2021\\\/10\\\/legal.svg\",\"contentUrl\":\"https:\\\/\\\/ptsoc.pt.pt\\\/wp-content\\\/uploads\\\/2021\\\/10\\\/legal.svg\"},{\"@type\":\"BreadcrumbList\",\"@id\":\"https:\\\/\\\/ptsoc.pt.pt\\\/legislacao-e-boas-praticas\\\/#breadcrumb\",\"itemListElement\":[{\"@type\":\"ListItem\",\"position\":1,\"name\":\"In\u00edcio\",\"item\":\"https:\\\/\\\/ptsoc.pt.pt\\\/\"},{\"@type\":\"ListItem\",\"position\":2,\"name\":\"Legisla\u00e7\u00e3o e Boas Pr\u00e1ticas\"}]},{\"@type\":\"WebSite\",\"@id\":\"https:\\\/\\\/ptsoc.pt.pt\\\/pt\\\/#website\",\"url\":\"https:\\\/\\\/ptsoc.pt.pt\\\/pt\\\/\",\"name\":\"PTSOC - Centro de Opera\u00e7\u00f5es de Seguran\u00e7a do .PT\",\"description\":\"Centro de Opera\u00e7\u00f5es de Seguran\u00e7a\",\"publisher\":{\"@id\":\"https:\\\/\\\/ptsoc.pt.pt\\\/pt\\\/#organization\"},\"potentialAction\":[{\"@type\":\"SearchAction\",\"target\":{\"@type\":\"EntryPoint\",\"urlTemplate\":\"https:\\\/\\\/ptsoc.pt.pt\\\/pt\\\/?s={search_term_string}\"},\"query-input\":{\"@type\":\"PropertyValueSpecification\",\"valueRequired\":true,\"valueName\":\"search_term_string\"}}],\"inLanguage\":\"pt-PT\"},{\"@type\":\"Organization\",\"@id\":\"https:\\\/\\\/ptsoc.pt.pt\\\/pt\\\/#organization\",\"name\":\"PTSOC - Centro de Opera\u00e7\u00f5es de Seguran\u00e7a do .PT\",\"url\":\"https:\\\/\\\/ptsoc.pt.pt\\\/pt\\\/\",\"logo\":{\"@type\":\"ImageObject\",\"inLanguage\":\"pt-PT\",\"@id\":\"https:\\\/\\\/ptsoc.pt.pt\\\/pt\\\/#\\\/schema\\\/logo\\\/image\\\/\",\"url\":\"https:\\\/\\\/ptsoc.pt.pt\\\/wp-content\\\/uploads\\\/2024\\\/05\\\/ptsoc_iconW.png\",\"contentUrl\":\"https:\\\/\\\/ptsoc.pt.pt\\\/wp-content\\\/uploads\\\/2024\\\/05\\\/ptsoc_iconW.png\",\"width\":470,\"height\":511,\"caption\":\"PTSOC - Centro de Opera\u00e7\u00f5es de Seguran\u00e7a do .PT\"},\"image\":{\"@id\":\"https:\\\/\\\/ptsoc.pt.pt\\\/pt\\\/#\\\/schema\\\/logo\\\/image\\\/\"}}]}<\/script>\n<!-- \/ Yoast SEO plugin. -->","yoast_head_json":{"title":"Legisla\u00e7\u00e3o e Boas Pr\u00e1ticas - PTSOC - Centro de Opera\u00e7\u00f5es de Seguran\u00e7a do .PT","robots":{"index":"index","follow":"follow","max-snippet":"max-snippet:-1","max-image-preview":"max-image-preview:large","max-video-preview":"max-video-preview:-1"},"canonical":"https:\/\/ptsoc.pt.pt\/pt\/legislacao-e-boas-praticas\/","og_locale":"pt_PT","og_type":"article","og_title":"Legisla\u00e7\u00e3o e Boas Pr\u00e1ticas - PTSOC - Centro de Opera\u00e7\u00f5es de Seguran\u00e7a do .PT","og_url":"https:\/\/ptsoc.pt.pt\/pt\/legislacao-e-boas-praticas\/","og_site_name":"PTSOC - Centro de Opera\u00e7\u00f5es de Seguran\u00e7a do .PT","article_modified_time":"2026-01-29T11:37:41+00:00","twitter_card":"summary_large_image","twitter_misc":{"Tempo estimado de leitura":"2 minutos"},"schema":{"@context":"https:\/\/schema.org","@graph":[{"@type":"WebPage","@id":"https:\/\/ptsoc.pt.pt\/legislacao-e-boas-praticas\/","url":"https:\/\/ptsoc.pt.pt\/legislacao-e-boas-praticas\/","name":"Legisla\u00e7\u00e3o e Boas Pr\u00e1ticas - PTSOC - Centro de Opera\u00e7\u00f5es de Seguran\u00e7a do .PT","isPartOf":{"@id":"https:\/\/ptsoc.pt.pt\/pt\/#website"},"primaryImageOfPage":{"@id":"https:\/\/ptsoc.pt.pt\/legislacao-e-boas-praticas\/#primaryimage"},"image":{"@id":"https:\/\/ptsoc.pt.pt\/legislacao-e-boas-praticas\/#primaryimage"},"thumbnailUrl":"https:\/\/ptsoc.pt.pt\/wp-content\/uploads\/2021\/10\/legal.svg","datePublished":"2021-10-27T11:11:57+00:00","dateModified":"2026-01-29T11:37:41+00:00","breadcrumb":{"@id":"https:\/\/ptsoc.pt.pt\/legislacao-e-boas-praticas\/#breadcrumb"},"inLanguage":"pt-PT","potentialAction":[{"@type":"ReadAction","target":["https:\/\/ptsoc.pt.pt\/legislacao-e-boas-praticas\/"]}]},{"@type":"ImageObject","inLanguage":"pt-PT","@id":"https:\/\/ptsoc.pt.pt\/legislacao-e-boas-praticas\/#primaryimage","url":"https:\/\/ptsoc.pt.pt\/wp-content\/uploads\/2021\/10\/legal.svg","contentUrl":"https:\/\/ptsoc.pt.pt\/wp-content\/uploads\/2021\/10\/legal.svg"},{"@type":"BreadcrumbList","@id":"https:\/\/ptsoc.pt.pt\/legislacao-e-boas-praticas\/#breadcrumb","itemListElement":[{"@type":"ListItem","position":1,"name":"In\u00edcio","item":"https:\/\/ptsoc.pt.pt\/"},{"@type":"ListItem","position":2,"name":"Legisla\u00e7\u00e3o e Boas Pr\u00e1ticas"}]},{"@type":"WebSite","@id":"https:\/\/ptsoc.pt.pt\/pt\/#website","url":"https:\/\/ptsoc.pt.pt\/pt\/","name":"PTSOC - Centro de Opera\u00e7\u00f5es de Seguran\u00e7a do .PT","description":"Centro de Opera\u00e7\u00f5es de Seguran\u00e7a","publisher":{"@id":"https:\/\/ptsoc.pt.pt\/pt\/#organization"},"potentialAction":[{"@type":"SearchAction","target":{"@type":"EntryPoint","urlTemplate":"https:\/\/ptsoc.pt.pt\/pt\/?s={search_term_string}"},"query-input":{"@type":"PropertyValueSpecification","valueRequired":true,"valueName":"search_term_string"}}],"inLanguage":"pt-PT"},{"@type":"Organization","@id":"https:\/\/ptsoc.pt.pt\/pt\/#organization","name":"PTSOC - Centro de Opera\u00e7\u00f5es de Seguran\u00e7a do .PT","url":"https:\/\/ptsoc.pt.pt\/pt\/","logo":{"@type":"ImageObject","inLanguage":"pt-PT","@id":"https:\/\/ptsoc.pt.pt\/pt\/#\/schema\/logo\/image\/","url":"https:\/\/ptsoc.pt.pt\/wp-content\/uploads\/2024\/05\/ptsoc_iconW.png","contentUrl":"https:\/\/ptsoc.pt.pt\/wp-content\/uploads\/2024\/05\/ptsoc_iconW.png","width":470,"height":511,"caption":"PTSOC - Centro de Opera\u00e7\u00f5es de Seguran\u00e7a do .PT"},"image":{"@id":"https:\/\/ptsoc.pt.pt\/pt\/#\/schema\/logo\/image\/"}}]}},"uagb_featured_image_src":{"full":false,"thumbnail":false,"medium":false,"medium_large":false,"large":false,"1536x1536":false,"2048x2048":false,"trp-custom-language-flag":false},"uagb_author_info":{"display_name":"pgoes","author_link":"https:\/\/ptsoc.pt.pt\/pt\/author\/pgoes\/"},"uagb_comment_info":0,"uagb_excerpt":null,"_links":{"self":[{"href":"https:\/\/ptsoc.pt.pt\/pt\/wp-json\/wp\/v2\/pages\/26544","targetHints":{"allow":["GET"]}}],"collection":[{"href":"https:\/\/ptsoc.pt.pt\/pt\/wp-json\/wp\/v2\/pages"}],"about":[{"href":"https:\/\/ptsoc.pt.pt\/pt\/wp-json\/wp\/v2\/types\/page"}],"author":[{"embeddable":true,"href":"https:\/\/ptsoc.pt.pt\/pt\/wp-json\/wp\/v2\/users\/1"}],"replies":[{"embeddable":true,"href":"https:\/\/ptsoc.pt.pt\/pt\/wp-json\/wp\/v2\/comments?post=26544"}],"version-history":[{"count":38,"href":"https:\/\/ptsoc.pt.pt\/pt\/wp-json\/wp\/v2\/pages\/26544\/revisions"}],"predecessor-version":[{"id":28501,"href":"https:\/\/ptsoc.pt.pt\/pt\/wp-json\/wp\/v2\/pages\/26544\/revisions\/28501"}],"wp:attachment":[{"href":"https:\/\/ptsoc.pt.pt\/pt\/wp-json\/wp\/v2\/media?parent=26544"}],"curies":[{"name":"wp","href":"https:\/\/api.w.org\/{rel}","templated":true}]}}