{"id":26528,"date":"2021-10-27T10:51:58","date_gmt":"2021-10-27T09:51:58","guid":{"rendered":"https:\/\/cpanel-site.devdns.pt\/?page_id=26528"},"modified":"2021-11-18T17:04:16","modified_gmt":"2021-11-18T17:04:16","slug":"reportar-incidentes","status":"publish","type":"page","link":"https:\/\/ptsoc.pt.pt\/pt\/reportar-incidentes\/","title":{"rendered":"Reportar Incidentes"},"content":{"rendered":"\n<section class=\"wp-block-group alignfull has-background is-layout-flow wp-block-group-is-layout-flow\" style=\"background-color:#e7e6e6\">\n<section class=\"wp-block-uagb-section uagb-section__wrap uagb-section__background-none uagb-block-a4b66e0c\"><div class=\"uagb-section__overlay\"><\/div><div class=\"uagb-section__inner-wrap\">\n<div class=\"wp-block-columns alignwide is-layout-flex wp-container-core-columns-is-layout-28f84493 wp-block-columns-is-layout-flex\">\n<div class=\"wp-block-column is-vertically-aligned-top is-layout-flow wp-block-column-is-layout-flow\" style=\"flex-basis:900px\">\n<h1 class=\"wp-block-heading\">REPORTAR INCIDENTES<\/h1>\n<\/div>\n<\/div>\n<\/div><\/section>\n\n\n\n<div style=\"height:20px\" aria-hidden=\"true\" class=\"wp-block-spacer uag-hide-tab uag-hide-mob\"><\/div>\n\n\n\n<section class=\"wp-block-uagb-section uagb-section__wrap uagb-section__background-undefined uagb-block-bf266973\"><div class=\"uagb-section__overlay\"><\/div><div class=\"uagb-section__inner-wrap\">\n<section class=\"wp-block-uagb-section uagb-section__wrap uagb-section__background-none uagb-block-5605328f\"><div class=\"uagb-section__overlay\"><\/div><div class=\"uagb-section__inner-wrap\">\n<div class=\"wp-block-columns alignwide is-layout-flex wp-container-core-columns-is-layout-28f84493 wp-block-columns-is-layout-flex\">\n<div class=\"wp-block-column is-vertically-aligned-bottom is-layout-flow wp-block-column-is-layout-flow\" style=\"flex-basis:900px\">\n<h3 class=\"has-text-align-center wp-block-heading\"><span class=\"has-text-color has-medium-font-size\" style=\"color:#005ca9\">NOTIFICA\u00c7\u00c3O<\/span> <span class=\"has-text-color has-medium-font-size\" style=\"color:#005ca9\">DE INCIDENTES<\/span><\/h3>\n<\/div>\n<\/div>\n\n\n<div class=\"wpforms-container wpforms-block\" id=\"wpforms-26202\"><form id=\"wpforms-form-26202\" class=\"wpforms-validate wpforms-form wpforms-ajax-form\" data-formid=\"26202\" method=\"post\" enctype=\"multipart\/form-data\" action=\"\/pt\/wp-json\/wp\/v2\/pages\/26528\" data-token=\"37d1e4510a9d77bbc40a3effd193fa55\" data-token-time=\"1776520092\"><noscript class=\"wpforms-error-noscript\">Please enable JavaScript in your browser to complete this form.<\/noscript><div class=\"wpforms-field-container\"><div id=\"wpforms-26202-field_1-container\" class=\"wpforms-field wpforms-field-name\" data-field-id=\"1\"><label class=\"wpforms-field-label\" for=\"wpforms-26202-field_1\">Nome <span class=\"wpforms-required-label\">*<\/span><\/label><input type=\"text\" id=\"wpforms-26202-field_1\" class=\"wpforms-field-large wpforms-field-required\" name=\"wpforms[fields][1]\" required><\/div><div id=\"wpforms-26202-field_2-container\" class=\"wpforms-field wpforms-field-email\" data-field-id=\"2\"><label class=\"wpforms-field-label\" for=\"wpforms-26202-field_2\">Email <span class=\"wpforms-required-label\">*<\/span><\/label><input type=\"email\" id=\"wpforms-26202-field_2\" class=\"wpforms-field-large wpforms-field-required\" name=\"wpforms[fields][2]\" spellcheck=\"false\" required><\/div><div id=\"wpforms-26202-field_3-container\" class=\"wpforms-field wpforms-field-select wpforms-field-select-style-classic\" data-field-id=\"3\"><label class=\"wpforms-field-label\" for=\"wpforms-26202-field_3\">Categoria do Incidente <span class=\"wpforms-required-label\">*<\/span><\/label><select id=\"wpforms-26202-field_3\" class=\"wpforms-field-large wpforms-field-required\" name=\"wpforms[fields][3]\" required=\"required\"><option value=\"Categoria do Incidente\"  selected='selected' class=\"choice-1 depth-1\"  >Categoria do Incidente<\/option><option value=\"C\u00f3digo Malicioso\"  class=\"choice-2 depth-1\"  >C\u00f3digo Malicioso<\/option><option value=\"Disponibilidade\"  class=\"choice-3 depth-1\"  >Disponibilidade<\/option><option value=\"Recolha de Informa\u00e7\u00e3o\"  class=\"choice-5 depth-1\"  >Recolha de Informa\u00e7\u00e3o<\/option><option value=\"Tentativa de Intrus\u00e3o\"  class=\"choice-4 depth-1\"  >Tentativa de Intrus\u00e3o<\/option><option value=\"Intrus\u00e3o\"  class=\"choice-6 depth-1\"  >Intrus\u00e3o<\/option><option value=\"Seguran\u00e7a da Informa\u00e7\u00e3o\"  class=\"choice-7 depth-1\"  >Seguran\u00e7a da Informa\u00e7\u00e3o<\/option><option value=\"Fraude\"  class=\"choice-8 depth-1\"  >Fraude<\/option><option value=\"Conte\u00fado Abusivo\"  class=\"choice-9 depth-1\"  >Conte\u00fado Abusivo<\/option><option value=\"Vulnerabilidade\"  class=\"choice-10 depth-1\"  >Vulnerabilidade<\/option><option value=\"Outro\"  class=\"choice-11 depth-1\"  >Outro<\/option><\/select><\/div><div id=\"wpforms-26202-field_6-container\" class=\"wpforms-field wpforms-field-textarea\" data-field-id=\"6\"><label class=\"wpforms-field-label\" for=\"wpforms-26202-field_6\">Detalhe do Incidente <span class=\"wpforms-required-label\">*<\/span><\/label><textarea id=\"wpforms-26202-field_6\" class=\"wpforms-field-medium wpforms-field-required\" name=\"wpforms[fields][6]\" placeholder=\"Inclua, por favor, o m\u00e1ximo de informa\u00e7\u00e3o poss\u00edvel sobre o incidente que est\u00e1 a reportar, nomeadamente tempo e data do evento; endere\u00e7os IP ou hostnames dos computadores; sistemas operativos e software relativo.\" required><\/textarea><\/div><\/div><!-- .wpforms-field-container --><div class=\"wpforms-recaptcha-container wpforms-is-recaptcha wpforms-is-recaptcha-type-v2\" ><div class=\"g-recaptcha\" data-sitekey=\"6LdhGjwdAAAAAFZPRKkRxM0DFtA23kh_6V5C4xwa\"><\/div><input type=\"text\" name=\"g-recaptcha-hidden\" class=\"wpforms-recaptcha-hidden\" style=\"position:absolute!important;clip:rect(0,0,0,0)!important;height:1px!important;width:1px!important;border:0!important;overflow:hidden!important;padding:0!important;margin:0!important;\" data-rule-recaptcha=\"1\"><\/div><div class=\"wpforms-submit-container\" ><input type=\"hidden\" name=\"wpforms[id]\" value=\"26202\"><input type=\"hidden\" name=\"page_title\" value=\"\"><input type=\"hidden\" name=\"page_url\" value=\"https:\/\/ptsoc.pt.pt\/pt\/wp-json\/wp\/v2\/pages\/26528\"><input type=\"hidden\" name=\"url_referer\" value=\"\"><button type=\"submit\" name=\"wpforms[submit]\" id=\"wpforms-submit-26202\" class=\"wpforms-submit\" data-alt-text=\"Sending...\" data-submit-text=\"Submeter\" aria-live=\"assertive\" value=\"wpforms-submit\">Submeter<\/button><img loading=\"lazy\" decoding=\"async\" src=\"https:\/\/ptsoc.pt.pt\/wp-content\/plugins\/wpforms-lite\/assets\/images\/submit-spin.svg\" class=\"wpforms-submit-spinner\" style=\"display: none;\" width=\"26\" height=\"26\" alt=\"Loading\"><\/div><\/form><\/div>  <!-- .wpforms-container -->\n\n\n<p><\/p>\n<\/div><\/section>\n\n\n\n<div style=\"height:40px\" aria-hidden=\"true\" class=\"wp-block-spacer uag-hide-tab uag-hide-mob\"><\/div>\n<\/div><\/section>\n\n\n\n<p><\/p>\n<\/section>\n\n\n\n<p><\/p>\n","protected":false},"excerpt":{"rendered":"","protected":false},"author":1,"featured_media":0,"parent":0,"menu_order":0,"comment_status":"closed","ping_status":"closed","template":"","meta":{"_coblocks_attr":"","_coblocks_dimensions":"","_coblocks_responsive_height":"","_coblocks_accordion_ie_support":"","_eb_attr":"","_uag_custom_page_level_css":"","site-sidebar-layout":"no-sidebar","site-content-layout":"plain-container","ast-site-content-layout":"default","site-content-style":"default","site-sidebar-style":"default","ast-global-header-display":"","ast-banner-title-visibility":"","ast-main-header-display":"","ast-hfb-above-header-display":"","ast-hfb-below-header-display":"","ast-hfb-mobile-header-display":"","site-post-title":"disabled","ast-breadcrumbs-content":"","ast-featured-img":"disabled","footer-sml-layout":"","ast-disable-related-posts":"","theme-transparent-header-meta":"enabled","adv-header-id-meta":"","stick-header-meta":"","header-above-stick-meta":"","header-main-stick-meta":"","header-below-stick-meta":"","astra-migrate-meta-layouts":"default","ast-page-background-enabled":"default","ast-page-background-meta":{"desktop":{"background-color":"","background-image":"","background-repeat":"repeat","background-position":"center center","background-size":"auto","background-attachment":"scroll","background-type":"","background-media":"","overlay-type":"","overlay-color":"","overlay-opacity":"","overlay-gradient":""},"tablet":{"background-color":"","background-image":"","background-repeat":"repeat","background-position":"center center","background-size":"auto","background-attachment":"scroll","background-type":"","background-media":"","overlay-type":"","overlay-color":"","overlay-opacity":"","overlay-gradient":""},"mobile":{"background-color":"","background-image":"","background-repeat":"repeat","background-position":"center center","background-size":"auto","background-attachment":"scroll","background-type":"","background-media":"","overlay-type":"","overlay-color":"","overlay-opacity":"","overlay-gradient":""}},"ast-content-background-meta":{"desktop":{"background-color":"var(--ast-global-color-5)","background-image":"","background-repeat":"repeat","background-position":"center center","background-size":"auto","background-attachment":"scroll","background-type":"","background-media":"","overlay-type":"","overlay-color":"","overlay-opacity":"","overlay-gradient":""},"tablet":{"background-color":"var(--ast-global-color-5)","background-image":"","background-repeat":"repeat","background-position":"center center","background-size":"auto","background-attachment":"scroll","background-type":"","background-media":"","overlay-type":"","overlay-color":"","overlay-opacity":"","overlay-gradient":""},"mobile":{"background-color":"var(--ast-global-color-5)","background-image":"","background-repeat":"repeat","background-position":"center center","background-size":"auto","background-attachment":"scroll","background-type":"","background-media":"","overlay-type":"","overlay-color":"","overlay-opacity":"","overlay-gradient":""}},"footnotes":""},"class_list":["post-26528","page","type-page","status-publish","hentry"],"yoast_head":"<!-- This site is optimized with the Yoast SEO plugin v27.4 - https:\/\/yoast.com\/product\/yoast-seo-wordpress\/ -->\n<title>Reportar Incidentes - PTSOC - Centro de Opera\u00e7\u00f5es de Seguran\u00e7a do .PT<\/title>\n<meta name=\"robots\" content=\"index, follow, max-snippet:-1, max-image-preview:large, max-video-preview:-1\" \/>\n<link rel=\"canonical\" href=\"https:\/\/ptsoc.pt.pt\/pt\/reportar-incidentes\/\" \/>\n<meta property=\"og:locale\" content=\"pt_PT\" \/>\n<meta property=\"og:type\" content=\"article\" \/>\n<meta property=\"og:title\" content=\"Reportar Incidentes - PTSOC - Centro de Opera\u00e7\u00f5es de Seguran\u00e7a do .PT\" \/>\n<meta property=\"og:url\" content=\"https:\/\/ptsoc.pt.pt\/pt\/reportar-incidentes\/\" \/>\n<meta property=\"og:site_name\" content=\"PTSOC - Centro de Opera\u00e7\u00f5es de Seguran\u00e7a do .PT\" \/>\n<meta property=\"article:modified_time\" content=\"2021-11-18T17:04:16+00:00\" \/>\n<meta name=\"twitter:card\" content=\"summary_large_image\" \/>\n<meta name=\"twitter:label1\" content=\"Tempo estimado de leitura\" \/>\n\t<meta name=\"twitter:data1\" content=\"2 minutos\" \/>\n<script type=\"application\/ld+json\" class=\"yoast-schema-graph\">{\"@context\":\"https:\\\/\\\/schema.org\",\"@graph\":[{\"@type\":\"WebPage\",\"@id\":\"https:\\\/\\\/ptsoc.pt.pt\\\/pt\\\/reportar-incidentes\\\/\",\"url\":\"https:\\\/\\\/ptsoc.pt.pt\\\/pt\\\/reportar-incidentes\\\/\",\"name\":\"Reportar Incidentes - PTSOC - Centro de Opera\u00e7\u00f5es de Seguran\u00e7a do .PT\",\"isPartOf\":{\"@id\":\"https:\\\/\\\/ptsoc.pt.pt\\\/pt\\\/#website\"},\"datePublished\":\"2021-10-27T09:51:58+00:00\",\"dateModified\":\"2021-11-18T17:04:16+00:00\",\"breadcrumb\":{\"@id\":\"https:\\\/\\\/ptsoc.pt.pt\\\/pt\\\/reportar-incidentes\\\/#breadcrumb\"},\"inLanguage\":\"pt-PT\",\"potentialAction\":[{\"@type\":\"ReadAction\",\"target\":[\"https:\\\/\\\/ptsoc.pt.pt\\\/pt\\\/reportar-incidentes\\\/\"]}]},{\"@type\":\"BreadcrumbList\",\"@id\":\"https:\\\/\\\/ptsoc.pt.pt\\\/pt\\\/reportar-incidentes\\\/#breadcrumb\",\"itemListElement\":[{\"@type\":\"ListItem\",\"position\":1,\"name\":\"In\u00edcio\",\"item\":\"https:\\\/\\\/ptsoc.pt.pt\\\/\"},{\"@type\":\"ListItem\",\"position\":2,\"name\":\"Reportar Incidentes\"}]},{\"@type\":\"WebSite\",\"@id\":\"https:\\\/\\\/ptsoc.pt.pt\\\/pt\\\/#website\",\"url\":\"https:\\\/\\\/ptsoc.pt.pt\\\/pt\\\/\",\"name\":\"PTSOC - Centro de Opera\u00e7\u00f5es de Seguran\u00e7a do .PT\",\"description\":\"Centro de Opera\u00e7\u00f5es de Seguran\u00e7a\",\"publisher\":{\"@id\":\"https:\\\/\\\/ptsoc.pt.pt\\\/pt\\\/#organization\"},\"potentialAction\":[{\"@type\":\"SearchAction\",\"target\":{\"@type\":\"EntryPoint\",\"urlTemplate\":\"https:\\\/\\\/ptsoc.pt.pt\\\/pt\\\/?s={search_term_string}\"},\"query-input\":{\"@type\":\"PropertyValueSpecification\",\"valueRequired\":true,\"valueName\":\"search_term_string\"}}],\"inLanguage\":\"pt-PT\"},{\"@type\":\"Organization\",\"@id\":\"https:\\\/\\\/ptsoc.pt.pt\\\/pt\\\/#organization\",\"name\":\"PTSOC - Centro de Opera\u00e7\u00f5es de Seguran\u00e7a do .PT\",\"url\":\"https:\\\/\\\/ptsoc.pt.pt\\\/pt\\\/\",\"logo\":{\"@type\":\"ImageObject\",\"inLanguage\":\"pt-PT\",\"@id\":\"https:\\\/\\\/ptsoc.pt.pt\\\/pt\\\/#\\\/schema\\\/logo\\\/image\\\/\",\"url\":\"https:\\\/\\\/ptsoc.pt.pt\\\/wp-content\\\/uploads\\\/2024\\\/05\\\/ptsoc_iconW.png\",\"contentUrl\":\"https:\\\/\\\/ptsoc.pt.pt\\\/wp-content\\\/uploads\\\/2024\\\/05\\\/ptsoc_iconW.png\",\"width\":470,\"height\":511,\"caption\":\"PTSOC - Centro de Opera\u00e7\u00f5es de Seguran\u00e7a do .PT\"},\"image\":{\"@id\":\"https:\\\/\\\/ptsoc.pt.pt\\\/pt\\\/#\\\/schema\\\/logo\\\/image\\\/\"}}]}<\/script>\n<!-- \/ Yoast SEO plugin. -->","yoast_head_json":{"title":"Reportar Incidentes - PTSOC - Centro de Opera\u00e7\u00f5es de Seguran\u00e7a do .PT","robots":{"index":"index","follow":"follow","max-snippet":"max-snippet:-1","max-image-preview":"max-image-preview:large","max-video-preview":"max-video-preview:-1"},"canonical":"https:\/\/ptsoc.pt.pt\/pt\/reportar-incidentes\/","og_locale":"pt_PT","og_type":"article","og_title":"Reportar Incidentes - PTSOC - Centro de Opera\u00e7\u00f5es de Seguran\u00e7a do .PT","og_url":"https:\/\/ptsoc.pt.pt\/pt\/reportar-incidentes\/","og_site_name":"PTSOC - Centro de Opera\u00e7\u00f5es de Seguran\u00e7a do .PT","article_modified_time":"2021-11-18T17:04:16+00:00","twitter_card":"summary_large_image","twitter_misc":{"Tempo estimado de leitura":"2 minutos"},"schema":{"@context":"https:\/\/schema.org","@graph":[{"@type":"WebPage","@id":"https:\/\/ptsoc.pt.pt\/pt\/reportar-incidentes\/","url":"https:\/\/ptsoc.pt.pt\/pt\/reportar-incidentes\/","name":"Reportar Incidentes - PTSOC - Centro de Opera\u00e7\u00f5es de Seguran\u00e7a do .PT","isPartOf":{"@id":"https:\/\/ptsoc.pt.pt\/pt\/#website"},"datePublished":"2021-10-27T09:51:58+00:00","dateModified":"2021-11-18T17:04:16+00:00","breadcrumb":{"@id":"https:\/\/ptsoc.pt.pt\/pt\/reportar-incidentes\/#breadcrumb"},"inLanguage":"pt-PT","potentialAction":[{"@type":"ReadAction","target":["https:\/\/ptsoc.pt.pt\/pt\/reportar-incidentes\/"]}]},{"@type":"BreadcrumbList","@id":"https:\/\/ptsoc.pt.pt\/pt\/reportar-incidentes\/#breadcrumb","itemListElement":[{"@type":"ListItem","position":1,"name":"In\u00edcio","item":"https:\/\/ptsoc.pt.pt\/"},{"@type":"ListItem","position":2,"name":"Reportar Incidentes"}]},{"@type":"WebSite","@id":"https:\/\/ptsoc.pt.pt\/pt\/#website","url":"https:\/\/ptsoc.pt.pt\/pt\/","name":"PTSOC - Centro de Opera\u00e7\u00f5es de Seguran\u00e7a do .PT","description":"Centro de Opera\u00e7\u00f5es de Seguran\u00e7a","publisher":{"@id":"https:\/\/ptsoc.pt.pt\/pt\/#organization"},"potentialAction":[{"@type":"SearchAction","target":{"@type":"EntryPoint","urlTemplate":"https:\/\/ptsoc.pt.pt\/pt\/?s={search_term_string}"},"query-input":{"@type":"PropertyValueSpecification","valueRequired":true,"valueName":"search_term_string"}}],"inLanguage":"pt-PT"},{"@type":"Organization","@id":"https:\/\/ptsoc.pt.pt\/pt\/#organization","name":"PTSOC - Centro de Opera\u00e7\u00f5es de Seguran\u00e7a do .PT","url":"https:\/\/ptsoc.pt.pt\/pt\/","logo":{"@type":"ImageObject","inLanguage":"pt-PT","@id":"https:\/\/ptsoc.pt.pt\/pt\/#\/schema\/logo\/image\/","url":"https:\/\/ptsoc.pt.pt\/wp-content\/uploads\/2024\/05\/ptsoc_iconW.png","contentUrl":"https:\/\/ptsoc.pt.pt\/wp-content\/uploads\/2024\/05\/ptsoc_iconW.png","width":470,"height":511,"caption":"PTSOC - Centro de Opera\u00e7\u00f5es de Seguran\u00e7a do .PT"},"image":{"@id":"https:\/\/ptsoc.pt.pt\/pt\/#\/schema\/logo\/image\/"}}]}},"uagb_featured_image_src":{"full":false,"thumbnail":false,"medium":false,"medium_large":false,"large":false,"1536x1536":false,"2048x2048":false,"trp-custom-language-flag":false},"uagb_author_info":{"display_name":"pgoes","author_link":"https:\/\/ptsoc.pt.pt\/pt\/author\/pgoes\/"},"uagb_comment_info":0,"uagb_excerpt":null,"_links":{"self":[{"href":"https:\/\/ptsoc.pt.pt\/pt\/wp-json\/wp\/v2\/pages\/26528","targetHints":{"allow":["GET"]}}],"collection":[{"href":"https:\/\/ptsoc.pt.pt\/pt\/wp-json\/wp\/v2\/pages"}],"about":[{"href":"https:\/\/ptsoc.pt.pt\/pt\/wp-json\/wp\/v2\/types\/page"}],"author":[{"embeddable":true,"href":"https:\/\/ptsoc.pt.pt\/pt\/wp-json\/wp\/v2\/users\/1"}],"replies":[{"embeddable":true,"href":"https:\/\/ptsoc.pt.pt\/pt\/wp-json\/wp\/v2\/comments?post=26528"}],"version-history":[{"count":11,"href":"https:\/\/ptsoc.pt.pt\/pt\/wp-json\/wp\/v2\/pages\/26528\/revisions"}],"predecessor-version":[{"id":26684,"href":"https:\/\/ptsoc.pt.pt\/pt\/wp-json\/wp\/v2\/pages\/26528\/revisions\/26684"}],"wp:attachment":[{"href":"https:\/\/ptsoc.pt.pt\/pt\/wp-json\/wp\/v2\/media?parent=26528"}],"curies":[{"name":"wp","href":"https:\/\/api.w.org\/{rel}","templated":true}]}}