{"id":25405,"date":"2020-09-16T05:09:25","date_gmt":"2020-09-16T04:09:25","guid":{"rendered":"http:\/\/ptsocweb.local\/contact\/"},"modified":"2022-08-04T12:09:31","modified_gmt":"2022-08-04T11:09:31","slug":"contactos","status":"publish","type":"page","link":"https:\/\/ptsoc.pt.pt\/pt\/contactos\/","title":{"rendered":"Contactos"},"content":{"rendered":"\n<section class=\"inherit-container-width wp-block-group alignfull has-background is-layout-constrained wp-block-group-is-layout-constrained\" style=\"background-color:#e7e6e6\">\n<section class=\"wp-block-uagb-section uagb-section__wrap uagb-section__background-none uagb-block-f371f521\"><div class=\"uagb-section__overlay\"><\/div><div class=\"uagb-section__inner-wrap\">\n<div class=\"wp-block-columns alignwide is-layout-flex wp-container-core-columns-is-layout-28f84493 wp-block-columns-is-layout-flex\">\n<div class=\"wp-block-column is-vertically-aligned-top is-layout-flow wp-block-column-is-layout-flow\" style=\"flex-basis:900px\">\n<h1 class=\"wp-block-heading\">CONTACTOS<\/h1>\n<\/div>\n<\/div>\n<\/div><\/section>\n\n\n\n<div style=\"height:20px\" aria-hidden=\"true\" class=\"wp-block-spacer uag-hide-tab uag-hide-mob\"><\/div>\n\n\n\n<section class=\"wp-block-uagb-section uagb-section__wrap uagb-section__background-undefined uagb-block-7c9c54f6\"><div class=\"uagb-section__overlay\"><\/div><div class=\"uagb-section__inner-wrap\">\n<p class=\"has-text-color has-medium-font-size\" style=\"color:#005ca9\">MORADA<\/p>\n\n\n\n<p>.PT<br>Rua E\u00e7a de Queiroz, 29, 1050-095 Lisboa &#8211; PORTUGAL<\/p>\n\n\n\n<div style=\"height:20px\" aria-hidden=\"true\" class=\"wp-block-spacer\"><\/div>\n\n\n\n<div style=\"height:20px\" aria-hidden=\"true\" class=\"wp-block-spacer\"><\/div>\n\n\n\n<p class=\"has-text-color has-medium-font-size\" style=\"color:#005ca9\">TELEFONE<\/p>\n\n\n\n<p>800 91 00 39 (Linha de Apoio Gratuita) ou (+351) 215 907 711*&nbsp;<em>(para chamadas internacionais)<\/em><br>dias \u00fateis das 08:00 \u00e0s 20:00 (hora local)<br>s\u00e1bado e domingo das 09:00 \u00e0s 18:00 (hora local)<\/p>\n\n\n\n<p>*\u00abChamada para a rede fixa nacional\u00bb<\/p>\n\n\n\n<div style=\"height:40px\" aria-hidden=\"true\" class=\"wp-block-spacer\"><\/div>\n\n\n\n<p class=\"has-text-color has-medium-font-size\" style=\"color:#005ca9\">CONTACTE-NOS!<\/p>\n\n\n<div class=\"wpforms-container wpforms-block font-size 10px\" id=\"wpforms-26457\"><form id=\"wpforms-form-26457\" class=\"wpforms-validate wpforms-form\" data-formid=\"26457\" method=\"post\" enctype=\"multipart\/form-data\" action=\"\/pt\/wp-json\/wp\/v2\/pages\/25405\" data-token=\"4f4ee14b8cec07c2522dc082fc217b70\" data-token-time=\"1775333113\"><noscript class=\"wpforms-error-noscript\">Please enable JavaScript in your browser to complete this form.<\/noscript><div class=\"wpforms-field-container\"><div id=\"wpforms-26457-field_5-container\" class=\"wpforms-field wpforms-field-name font-size 10px\" data-field-id=\"5\"><label class=\"wpforms-field-label\" for=\"wpforms-26457-field_5\">Nome <span class=\"wpforms-required-label\">*<\/span><\/label><input type=\"text\" id=\"wpforms-26457-field_5\" class=\"wpforms-field-large wpforms-field-required\" name=\"wpforms[fields][5]\" required><\/div><div id=\"wpforms-26457-field_1-container\" class=\"wpforms-field wpforms-field-email\" data-field-id=\"1\"><label class=\"wpforms-field-label\" for=\"wpforms-26457-field_1\">Email <span class=\"wpforms-required-label\">*<\/span><\/label><input type=\"email\" id=\"wpforms-26457-field_1\" class=\"wpforms-field-large wpforms-field-required\" name=\"wpforms[fields][1]\" spellcheck=\"false\" required><\/div><div id=\"wpforms-26457-field_7-container\" class=\"wpforms-field wpforms-field-textarea\" data-field-id=\"7\"><label class=\"wpforms-field-label\" for=\"wpforms-26457-field_7\">Mensagem <span class=\"wpforms-required-label\">*<\/span><\/label><textarea id=\"wpforms-26457-field_7\" class=\"wpforms-field-medium wpforms-field-required\" name=\"wpforms[fields][7]\" required><\/textarea><\/div><\/div><!-- .wpforms-field-container --><div class=\"wpforms-field wpforms-field-hp\"><label for=\"wpforms-26457-field-hp\" class=\"wpforms-field-label\">Website<\/label><input type=\"text\" name=\"wpforms[hp]\" id=\"wpforms-26457-field-hp\" class=\"wpforms-field-medium\"><\/div><div class=\"wpforms-recaptcha-container wpforms-is-recaptcha wpforms-is-recaptcha-type-v2\" ><div class=\"g-recaptcha\" data-sitekey=\"6LdhGjwdAAAAAFZPRKkRxM0DFtA23kh_6V5C4xwa\"><\/div><input type=\"text\" name=\"g-recaptcha-hidden\" class=\"wpforms-recaptcha-hidden\" style=\"position:absolute!important;clip:rect(0,0,0,0)!important;height:1px!important;width:1px!important;border:0!important;overflow:hidden!important;padding:0!important;margin:0!important;\" data-rule-recaptcha=\"1\"><\/div><div class=\"wpforms-submit-container\" ><input type=\"hidden\" name=\"wpforms[id]\" value=\"26457\"><input type=\"hidden\" name=\"page_title\" value=\"\"><input type=\"hidden\" name=\"page_url\" value=\"https:\/\/ptsoc.pt.pt\/pt\/wp-json\/wp\/v2\/pages\/25405\"><input type=\"hidden\" name=\"url_referer\" value=\"\"><button type=\"submit\" name=\"wpforms[submit]\" id=\"wpforms-submit-26457\" class=\"wpforms-submit\" data-alt-text=\"Enviando ...\" data-submit-text=\"Enviar\" aria-live=\"assertive\" value=\"wpforms-submit\">Enviar<\/button><\/div><\/form><\/div>  <!-- .wpforms-container --><\/div><\/section>\n<\/section>\n\n\n\n<p><\/p>\n","protected":false},"excerpt":{"rendered":"","protected":false},"author":1,"featured_media":0,"parent":0,"menu_order":0,"comment_status":"closed","ping_status":"closed","template":"","meta":{"_coblocks_attr":"","_coblocks_dimensions":"","_coblocks_responsive_height":"","_coblocks_accordion_ie_support":"","_eb_attr":"","_uag_custom_page_level_css":"","site-sidebar-layout":"no-sidebar","site-content-layout":"plain-container","ast-site-content-layout":"default","site-content-style":"default","site-sidebar-style":"default","ast-global-header-display":"","ast-banner-title-visibility":"","ast-main-header-display":"","ast-hfb-above-header-display":"","ast-hfb-below-header-display":"","ast-hfb-mobile-header-display":"","site-post-title":"disabled","ast-breadcrumbs-content":"","ast-featured-img":"disabled","footer-sml-layout":"","ast-disable-related-posts":"","theme-transparent-header-meta":"enabled","adv-header-id-meta":"","stick-header-meta":"","header-above-stick-meta":"","header-main-stick-meta":"","header-below-stick-meta":"","astra-migrate-meta-layouts":"default","ast-page-background-enabled":"default","ast-page-background-meta":{"desktop":{"background-color":"","background-image":"","background-repeat":"repeat","background-position":"center center","background-size":"auto","background-attachment":"scroll","background-type":"","background-media":"","overlay-type":"","overlay-color":"","overlay-opacity":"","overlay-gradient":""},"tablet":{"background-color":"","background-image":"","background-repeat":"repeat","background-position":"center center","background-size":"auto","background-attachment":"scroll","background-type":"","background-media":"","overlay-type":"","overlay-color":"","overlay-opacity":"","overlay-gradient":""},"mobile":{"background-color":"","background-image":"","background-repeat":"repeat","background-position":"center center","background-size":"auto","background-attachment":"scroll","background-type":"","background-media":"","overlay-type":"","overlay-color":"","overlay-opacity":"","overlay-gradient":""}},"ast-content-background-meta":{"desktop":{"background-color":"var(--ast-global-color-5)","background-image":"","background-repeat":"repeat","background-position":"center center","background-size":"auto","background-attachment":"scroll","background-type":"","background-media":"","overlay-type":"","overlay-color":"","overlay-opacity":"","overlay-gradient":""},"tablet":{"background-color":"var(--ast-global-color-5)","background-image":"","background-repeat":"repeat","background-position":"center center","background-size":"auto","background-attachment":"scroll","background-type":"","background-media":"","overlay-type":"","overlay-color":"","overlay-opacity":"","overlay-gradient":""},"mobile":{"background-color":"var(--ast-global-color-5)","background-image":"","background-repeat":"repeat","background-position":"center center","background-size":"auto","background-attachment":"scroll","background-type":"","background-media":"","overlay-type":"","overlay-color":"","overlay-opacity":"","overlay-gradient":""}},"footnotes":""},"class_list":["post-25405","page","type-page","status-publish","hentry"],"yoast_head":"<!-- This site is optimized with the Yoast SEO plugin v27.2 - https:\/\/yoast.com\/product\/yoast-seo-wordpress\/ -->\n<title>Contactos - PTSOC - Centro de Opera\u00e7\u00f5es de Seguran\u00e7a do .PT<\/title>\n<meta name=\"robots\" content=\"index, follow, max-snippet:-1, max-image-preview:large, max-video-preview:-1\" \/>\n<link rel=\"canonical\" href=\"https:\/\/ptsoc.pt.pt\/pt\/contactos\/\" \/>\n<meta property=\"og:locale\" content=\"pt_PT\" \/>\n<meta property=\"og:type\" content=\"article\" \/>\n<meta property=\"og:title\" content=\"Contactos - PTSOC - Centro de Opera\u00e7\u00f5es de Seguran\u00e7a do .PT\" \/>\n<meta property=\"og:url\" content=\"https:\/\/ptsoc.pt.pt\/pt\/contactos\/\" \/>\n<meta property=\"og:site_name\" content=\"PTSOC - Centro de Opera\u00e7\u00f5es de Seguran\u00e7a do .PT\" \/>\n<meta property=\"article:modified_time\" content=\"2022-08-04T11:09:31+00:00\" \/>\n<meta name=\"twitter:card\" content=\"summary_large_image\" \/>\n<meta name=\"twitter:label1\" content=\"Tempo estimado de leitura\" \/>\n\t<meta name=\"twitter:data1\" content=\"2 minutos\" \/>\n<script type=\"application\/ld+json\" class=\"yoast-schema-graph\">{\"@context\":\"https:\/\/schema.org\",\"@graph\":[{\"@type\":\"WebPage\",\"@id\":\"https:\/\/ptsoc.pt.pt\/pt\/contactos\/\",\"url\":\"https:\/\/ptsoc.pt.pt\/pt\/contactos\/\",\"name\":\"Contactos - PTSOC - Centro de Opera\u00e7\u00f5es de Seguran\u00e7a do .PT\",\"isPartOf\":{\"@id\":\"https:\/\/ptsoc.pt.pt\/pt\/#website\"},\"datePublished\":\"2020-09-16T04:09:25+00:00\",\"dateModified\":\"2022-08-04T11:09:31+00:00\",\"breadcrumb\":{\"@id\":\"https:\/\/ptsoc.pt.pt\/pt\/contactos\/#breadcrumb\"},\"inLanguage\":\"pt-PT\",\"potentialAction\":[{\"@type\":\"ReadAction\",\"target\":[\"https:\/\/ptsoc.pt.pt\/pt\/contactos\/\"]}]},{\"@type\":\"BreadcrumbList\",\"@id\":\"https:\/\/ptsoc.pt.pt\/pt\/contactos\/#breadcrumb\",\"itemListElement\":[{\"@type\":\"ListItem\",\"position\":1,\"name\":\"In\u00edcio\",\"item\":\"https:\/\/ptsoc.pt.pt\/\"},{\"@type\":\"ListItem\",\"position\":2,\"name\":\"Contactos\"}]},{\"@type\":\"WebSite\",\"@id\":\"https:\/\/ptsoc.pt.pt\/pt\/#website\",\"url\":\"https:\/\/ptsoc.pt.pt\/pt\/\",\"name\":\"PTSOC - Centro de Opera\u00e7\u00f5es de Seguran\u00e7a do .PT\",\"description\":\"Centro de Opera\u00e7\u00f5es de Seguran\u00e7a\",\"publisher\":{\"@id\":\"https:\/\/ptsoc.pt.pt\/pt\/#organization\"},\"potentialAction\":[{\"@type\":\"SearchAction\",\"target\":{\"@type\":\"EntryPoint\",\"urlTemplate\":\"https:\/\/ptsoc.pt.pt\/pt\/?s={search_term_string}\"},\"query-input\":{\"@type\":\"PropertyValueSpecification\",\"valueRequired\":true,\"valueName\":\"search_term_string\"}}],\"inLanguage\":\"pt-PT\"},{\"@type\":\"Organization\",\"@id\":\"https:\/\/ptsoc.pt.pt\/pt\/#organization\",\"name\":\"PTSOC - Centro de Opera\u00e7\u00f5es de Seguran\u00e7a do .PT\",\"url\":\"https:\/\/ptsoc.pt.pt\/pt\/\",\"logo\":{\"@type\":\"ImageObject\",\"inLanguage\":\"pt-PT\",\"@id\":\"https:\/\/ptsoc.pt.pt\/pt\/#\/schema\/logo\/image\/\",\"url\":\"https:\/\/ptsoc.pt.pt\/wp-content\/uploads\/2024\/05\/ptsoc_iconW.png\",\"contentUrl\":\"https:\/\/ptsoc.pt.pt\/wp-content\/uploads\/2024\/05\/ptsoc_iconW.png\",\"width\":470,\"height\":511,\"caption\":\"PTSOC - Centro de Opera\u00e7\u00f5es de Seguran\u00e7a do .PT\"},\"image\":{\"@id\":\"https:\/\/ptsoc.pt.pt\/pt\/#\/schema\/logo\/image\/\"}}]}<\/script>\n<!-- \/ Yoast SEO plugin. -->","yoast_head_json":{"title":"Contactos - PTSOC - Centro de Opera\u00e7\u00f5es de Seguran\u00e7a do .PT","robots":{"index":"index","follow":"follow","max-snippet":"max-snippet:-1","max-image-preview":"max-image-preview:large","max-video-preview":"max-video-preview:-1"},"canonical":"https:\/\/ptsoc.pt.pt\/pt\/contactos\/","og_locale":"pt_PT","og_type":"article","og_title":"Contactos - PTSOC - Centro de Opera\u00e7\u00f5es de Seguran\u00e7a do .PT","og_url":"https:\/\/ptsoc.pt.pt\/pt\/contactos\/","og_site_name":"PTSOC - Centro de Opera\u00e7\u00f5es de Seguran\u00e7a do .PT","article_modified_time":"2022-08-04T11:09:31+00:00","twitter_card":"summary_large_image","twitter_misc":{"Tempo estimado de leitura":"2 minutos"},"schema":{"@context":"https:\/\/schema.org","@graph":[{"@type":"WebPage","@id":"https:\/\/ptsoc.pt.pt\/pt\/contactos\/","url":"https:\/\/ptsoc.pt.pt\/pt\/contactos\/","name":"Contactos - PTSOC - Centro de Opera\u00e7\u00f5es de Seguran\u00e7a do .PT","isPartOf":{"@id":"https:\/\/ptsoc.pt.pt\/pt\/#website"},"datePublished":"2020-09-16T04:09:25+00:00","dateModified":"2022-08-04T11:09:31+00:00","breadcrumb":{"@id":"https:\/\/ptsoc.pt.pt\/pt\/contactos\/#breadcrumb"},"inLanguage":"pt-PT","potentialAction":[{"@type":"ReadAction","target":["https:\/\/ptsoc.pt.pt\/pt\/contactos\/"]}]},{"@type":"BreadcrumbList","@id":"https:\/\/ptsoc.pt.pt\/pt\/contactos\/#breadcrumb","itemListElement":[{"@type":"ListItem","position":1,"name":"In\u00edcio","item":"https:\/\/ptsoc.pt.pt\/"},{"@type":"ListItem","position":2,"name":"Contactos"}]},{"@type":"WebSite","@id":"https:\/\/ptsoc.pt.pt\/pt\/#website","url":"https:\/\/ptsoc.pt.pt\/pt\/","name":"PTSOC - Centro de Opera\u00e7\u00f5es de Seguran\u00e7a do .PT","description":"Centro de Opera\u00e7\u00f5es de Seguran\u00e7a","publisher":{"@id":"https:\/\/ptsoc.pt.pt\/pt\/#organization"},"potentialAction":[{"@type":"SearchAction","target":{"@type":"EntryPoint","urlTemplate":"https:\/\/ptsoc.pt.pt\/pt\/?s={search_term_string}"},"query-input":{"@type":"PropertyValueSpecification","valueRequired":true,"valueName":"search_term_string"}}],"inLanguage":"pt-PT"},{"@type":"Organization","@id":"https:\/\/ptsoc.pt.pt\/pt\/#organization","name":"PTSOC - Centro de Opera\u00e7\u00f5es de Seguran\u00e7a do .PT","url":"https:\/\/ptsoc.pt.pt\/pt\/","logo":{"@type":"ImageObject","inLanguage":"pt-PT","@id":"https:\/\/ptsoc.pt.pt\/pt\/#\/schema\/logo\/image\/","url":"https:\/\/ptsoc.pt.pt\/wp-content\/uploads\/2024\/05\/ptsoc_iconW.png","contentUrl":"https:\/\/ptsoc.pt.pt\/wp-content\/uploads\/2024\/05\/ptsoc_iconW.png","width":470,"height":511,"caption":"PTSOC - Centro de Opera\u00e7\u00f5es de Seguran\u00e7a do .PT"},"image":{"@id":"https:\/\/ptsoc.pt.pt\/pt\/#\/schema\/logo\/image\/"}}]}},"uagb_featured_image_src":{"full":false,"thumbnail":false,"medium":false,"medium_large":false,"large":false,"1536x1536":false,"2048x2048":false,"trp-custom-language-flag":false},"uagb_author_info":{"display_name":"pgoes","author_link":"https:\/\/ptsoc.pt.pt\/pt\/author\/pgoes\/"},"uagb_comment_info":0,"uagb_excerpt":null,"_links":{"self":[{"href":"https:\/\/ptsoc.pt.pt\/pt\/wp-json\/wp\/v2\/pages\/25405","targetHints":{"allow":["GET"]}}],"collection":[{"href":"https:\/\/ptsoc.pt.pt\/pt\/wp-json\/wp\/v2\/pages"}],"about":[{"href":"https:\/\/ptsoc.pt.pt\/pt\/wp-json\/wp\/v2\/types\/page"}],"author":[{"embeddable":true,"href":"https:\/\/ptsoc.pt.pt\/pt\/wp-json\/wp\/v2\/users\/1"}],"replies":[{"embeddable":true,"href":"https:\/\/ptsoc.pt.pt\/pt\/wp-json\/wp\/v2\/comments?post=25405"}],"version-history":[{"count":62,"href":"https:\/\/ptsoc.pt.pt\/pt\/wp-json\/wp\/v2\/pages\/25405\/revisions"}],"predecessor-version":[{"id":26832,"href":"https:\/\/ptsoc.pt.pt\/pt\/wp-json\/wp\/v2\/pages\/25405\/revisions\/26832"}],"wp:attachment":[{"href":"https:\/\/ptsoc.pt.pt\/pt\/wp-json\/wp\/v2\/media?parent=25405"}],"curies":[{"name":"wp","href":"https:\/\/api.w.org\/{rel}","templated":true}]}}