{"id":25684,"date":"2021-09-07T12:05:16","date_gmt":"2021-09-07T11:05:16","guid":{"rendered":"http:\/\/ptsocweb.local\/?page_id=25684"},"modified":"2025-10-22T12:26:19","modified_gmt":"2025-10-22T11:26:19","slug":"home","status":"publish","type":"page","link":"https:\/\/ptsoc.pt.pt\/en\/","title":{"rendered":"Home"},"content":{"rendered":"<div class=\"wp-block-cover alignfull is-light\" style=\"min-height:480px;aspect-ratio:unset;\"><img loading=\"lazy\" decoding=\"async\" width=\"1920\" height=\"670\" class=\"wp-block-cover__image-background wp-image-25696\" alt=\"\" src=\"https:\/\/ptsoc.dns.pt\/wp-content\/uploads\/2021\/09\/banner_soc.png\" style=\"object-position:50% 50%\" data-object-fit=\"cover\" data-object-position=\"50% 50%\" srcset=\"https:\/\/ptsoc.pt.pt\/wp-content\/uploads\/2021\/09\/banner_soc.png 1920w, https:\/\/ptsoc.pt.pt\/wp-content\/uploads\/2021\/09\/banner_soc-300x105.png 300w, https:\/\/ptsoc.pt.pt\/wp-content\/uploads\/2021\/09\/banner_soc-1024x357.png 1024w, https:\/\/ptsoc.pt.pt\/wp-content\/uploads\/2021\/09\/banner_soc-768x268.png 768w, https:\/\/ptsoc.pt.pt\/wp-content\/uploads\/2021\/09\/banner_soc-1536x536.png 1536w\" sizes=\"auto, (max-width: 1920px) 100vw, 1920px\" \/><span aria-hidden=\"true\" class=\"wp-block-cover__background has-background-dim-0 has-background-dim\"><\/span><div class=\"wp-block-cover__inner-container is-layout-flow wp-block-cover-is-layout-flow\">\n<figure class=\"wp-block-image aligncenter size-large is-resized is-style-default\"><img decoding=\"async\" src=\"https:\/\/ptsoc.dns.pt\/wp-content\/uploads\/2021\/09\/logo_banner.svg\" alt=\"\" style=\"width:548px;height:237px\"\/><\/figure>\n<\/div><\/div>\n\n\n\n<div class=\"wp-block-cover alignfull is-cropping uag-hide-desktop uag-hide-tab uag-hide-mob\" style=\"margin-top:0;margin-bottom:0;padding-top:0;padding-right:0;padding-bottom:0;padding-left:0;min-height:300px;aspect-ratio:unset;\"><img loading=\"lazy\" decoding=\"async\" width=\"2000\" height=\"566\" class=\"wp-block-cover__image-background wp-image-27963\" alt=\"\" src=\"https:\/\/ptsoc.pt.pt\/wp-content\/uploads\/2024\/02\/lockchain-1.png\" style=\"object-position:0% 0%\" data-object-fit=\"cover\" data-object-position=\"0% 0%\"\/><span aria-hidden=\"true\" class=\"wp-block-cover__background has-background-dim-40 has-background-dim\" style=\"background-color:#72c4eb\"><\/span><div class=\"wp-block-cover__inner-container is-layout-flow wp-block-cover-is-layout-flow\">\n<section class=\"wp-block-uagb-columns uagb-columns__wrap uagb-columns__background-image uagb-columns__stack-mobile uagb-columns__valign- uagb-columns__gap-10 align uagb-block-134ecf28 uagb-columns__columns-2 uagb-columns__max_width-custom\"><div class=\"uagb-columns__overlay\"><\/div><div class=\"uagb-columns__inner-wrap uagb-columns__columns-2\">\n<div class=\"wp-block-uagb-column uagb-column__wrap uagb-column__background-image uagb-block-08116d05\"><div class=\"uagb-column__overlay\"><\/div><\/div>\n\n\n\n<div class=\"wp-block-uagb-column uagb-column__wrap uagb-column__background-color uagb-block-eee2e3ec\"><div class=\"uagb-column__overlay\"><\/div>\n<p class=\"has-text-align-left has-ast-global-color-5-color has-text-color\" style=\"font-size:27px\">Relat\u00f3rio anual PTSOC 2023<\/p>\n\n\n\n<p class=\"has-ast-global-color-6-color has-text-color has-link-color wp-elements-9ef210d4fd080497a5f5f34d52d79d25\">No Dia da Internet Mais Segura, o Centro de Opera\u00e7\u00f5es de Seguran\u00e7a do .PT \u2013 PTSOC, apresentou o relat\u00f3rio anual, um resumo dos principais acontecimentos e tend\u00eancias que se observaram em 2023 no dom\u00ednio da ciberseguran\u00e7a e coloca em perspetiva os principais desafios que se antecipam para 2024.<\/p>\n\n\n\n<p class=\"has-white-color has-text-color has-link-color wp-elements-3fcfd9ed4ec67fc1063f57c130744e4b\" style=\"font-size:24px;text-decoration:underline\"><a href=\"https:\/\/ptsoc.pt.pt\/en\/relatorio-anual-ptsoc-2023\/\">Leia o relat\u00f3r<\/a><a href=\"https:\/\/ptsoc.pt.pt\/en\/relatorio-anual-ptsoc-2023\/\" target=\"_blank\" rel=\"noreferrer noopener\">io completo aqui<\/a><\/p>\n<\/div>\n<\/div><\/section>\n<\/div><\/div>\n\n\n\n<div class=\"wp-block-cover alignfull is-light uag-hide-desktop uag-hide-tab uag-hide-mob\" style=\"margin-top:0;margin-bottom:0;padding-top:0;padding-right:0;padding-bottom:0;padding-left:0;min-height:300px;aspect-ratio:unset;\"><span aria-hidden=\"true\" class=\"wp-block-cover__background has-background-dim-100 has-background-dim\" style=\"background-color:#72c4eb\"><\/span><div class=\"wp-block-cover__inner-container is-layout-flow wp-block-cover-is-layout-flow\">\n<section class=\"wp-block-uagb-columns uagb-columns__wrap uagb-columns__background-none uagb-columns__stack-mobile uagb-columns__valign- uagb-columns__gap-10 align uagb-block-ec71ec24 uagb-columns__columns-2 uagb-columns__max_width-custom\"><div class=\"uagb-columns__overlay\"><\/div><div class=\"uagb-columns__inner-wrap uagb-columns__columns-2\">\n<div class=\"wp-block-uagb-column uagb-column__wrap uagb-column__background-undefined uagb-block-2dc5b3e0\"><div class=\"uagb-column__overlay\"><\/div>\n<figure class=\"wp-block-image aligncenter size-full is-resized is-style-default\"><img decoding=\"async\" src=\"https:\/\/ptsoc.pt.pt\/wp-content\/uploads\/2023\/02\/curso_icon.svg\" alt=\"\" class=\"wp-image-26903\" style=\"width:214px;height:184px\"\/><\/figure>\n<\/div>\n\n\n\n<div class=\"wp-block-uagb-column uagb-column__wrap uagb-column__background-undefined uagb-block-d09ccca5\"><div class=\"uagb-column__overlay\"><\/div>\n<p class=\"has-text-align-left has-ast-global-color-1-color has-text-color\" style=\"font-size:22px\">Course: Business Continuity Management<\/p>\n\n\n\n<p class=\"has-ast-global-color-0-color has-text-color\" style=\"padding-top:var(--wp--preset--spacing--20);padding-right:var(--wp--preset--spacing--20);padding-bottom:var(--wp--preset--spacing--20);padding-left:var(--wp--preset--spacing--20)\">In this course, you will learn how to detect and evaluate risks that may affect your activities, develop a Business Continuity Management plan and test and execute your Business Continuity Management plan.<\/p>\n\n\n\n<p style=\"font-size:24px;text-decoration:underline\"><a href=\"https:\/\/www.nau.edu.pt\/en\/course\/gestao-dos-riscos-em-ciberseguranca-nas-organizacoes\/\" target=\"_blank\" rel=\"noreferrer noopener\">Register here<\/a><\/p>\n\n\n\n<div class=\"wp-block-columns is-layout-flex wp-container-core-columns-is-layout-28f84493 wp-block-columns-is-layout-flex\">\n<div class=\"wp-block-column is-layout-flow wp-block-column-is-layout-flow\">\n<figure class=\"wp-block-image alignright size-full is-resized is-style-default\"><img loading=\"lazy\" decoding=\"async\" width=\"408\" height=\"80\" src=\"https:\/\/ptsoc.pt.pt\/wp-content\/uploads\/2023\/10\/pt_incode_logo.png\" alt=\"\" class=\"wp-image-27358\" style=\"width:204px;height:40px\"\/><\/figure>\n<\/div>\n<\/div>\n<\/div>\n<\/div><\/section>\n<\/div><\/div>\n\n\n\n<div class=\"wp-block-cover alignfull\" style=\"min-height:330px;aspect-ratio:unset;\"><span aria-hidden=\"true\" class=\"wp-block-cover__background has-background-dim-100 has-background-dim\" style=\"background-color:#005ca9\"><\/span><div class=\"wp-block-cover__inner-container is-layout-flow wp-block-cover-is-layout-flow\">\n<div class=\"wp-block-columns is-layout-flex wp-container-core-columns-is-layout-28f84493 wp-block-columns-is-layout-flex\">\n<div class=\"wp-block-column has-background is-layout-flow wp-block-column-is-layout-flow\" style=\"background-color:#025ba8;flex-basis:100%\">\n<section class=\"wp-block-uagb-columns uagb-columns__wrap uagb-columns__background-color uagb-columns__stack-mobile uagb-columns__valign- uagb-columns__gap-10 align uagb-block-f3ccf08e uagb-columns__columns-2 uagb-columns__max_width-custom\"><div class=\"uagb-columns__overlay\"><\/div><div class=\"uagb-columns__inner-wrap uagb-columns__columns-2\">\n<div class=\"wp-block-uagb-column uagb-column__wrap uagb-column__background-undefined uagb-block-00cfd297\"><div class=\"uagb-column__overlay\"><\/div>\n<p class=\"has-white-color has-text-color\" style=\"font-size:22px\"><meta charset=\"utf-8\">PTSOC<\/p>\n\n\n\n<p><mark style=\"background-color:rgba(0, 0, 0, 0)\" class=\"has-inline-color has-ast-global-color-5-color\">PTSOC is the .PT Security Operations Center and aims to deepen the capabilities for detecting, responding to and preventing security incidents and cybersecurity threats and the levels of cooperation in the context of the domain name management ecosystem, in particularly with the national authority, .pt registrars and users, contributing to the preservation of a secure and reliable cyberspace under .pt.<\/mark><\/p>\n<\/div>\n\n\n\n<div class=\"wp-block-uagb-column uagb-column__wrap uagb-column__background-undefined uagb-block-c38061ed\"><div class=\"uagb-column__overlay\"><\/div>\n<figure class=\"wp-block-image aligncenter size-large is-resized is-style-default\"><img decoding=\"async\" src=\"https:\/\/ptsoc.dns.pt\/wp-content\/uploads\/2021\/09\/logo_icon.svg\" alt=\"logo icon\" style=\"width:118px;height:136px\"\/><\/figure>\n<\/div>\n<\/div><\/section>\n<\/div>\n<\/div>\n<\/div><\/div>\n\n\n\n<div class=\"wp-block-cover alignfull is-light\" style=\"min-height:330px;aspect-ratio:unset;\"><span aria-hidden=\"true\" class=\"wp-block-cover__background has-background-dim-100 has-background-dim\" style=\"background-color:#e7e6e6\"><\/span><div class=\"wp-block-cover__inner-container is-layout-flow wp-block-cover-is-layout-flow\">\n<section class=\"wp-block-uagb-columns uagb-columns__wrap uagb-columns__background-none uagb-columns__stack-mobile uagb-columns__valign- uagb-columns__gap-10 align uagb-block-d0726f4b uagb-columns__columns-2 uagb-columns__max_width-custom\"><div class=\"uagb-columns__overlay\"><\/div><div class=\"uagb-columns__inner-wrap uagb-columns__columns-2\">\n<div class=\"wp-block-uagb-column uagb-column__wrap uagb-column__background-undefined uagb-block-cb714f8e\"><div class=\"uagb-column__overlay\"><\/div>\n<figure class=\"wp-block-image aligncenter size-large is-resized is-style-default\"><img decoding=\"async\" src=\"https:\/\/ptsoc.dns.pt\/wp-content\/uploads\/2021\/09\/rocket_icon.svg\" alt=\"\" style=\"width:134px;height:149px\"\/><\/figure>\n<\/div>\n\n\n\n<div class=\"wp-block-uagb-column uagb-column__wrap uagb-column__background-undefined uagb-block-457fda23\"><div class=\"uagb-column__overlay\"><\/div>\n<p class=\"has-ast-global-color-1-color has-text-color\" style=\"font-size:22px\">OUR MISSION<\/p>\n\n\n\n<p class=\"has-text-color has-normal-font-size\" style=\"color:#005ca9\">Our mission is to prevent, detect, evaluate and respond to cybersecurity threats \n\tand incidents in the networks, information systems and context of .PT, providing \n\tan appropriate approach for rapid and effective law-enforcement cooperation with \n\tall stakeholders, namely Portuguese authorities, partners and users.<\/p>\n<\/div>\n<\/div><\/section>\n<\/div><\/div>\n\n\n\n<div class=\"wp-block-cover alignfull\" style=\"min-height:388px;aspect-ratio:unset;\"><span aria-hidden=\"true\" class=\"wp-block-cover__background has-background-dim-100 has-background-dim\" style=\"background-color:#005ca9\"><\/span><div class=\"wp-block-cover__inner-container is-layout-flow wp-block-cover-is-layout-flow\">\n<section class=\"wp-block-uagb-columns uagb-columns__wrap uagb-columns__background-none uagb-columns__stack-mobile uagb-columns__valign- uagb-columns__gap-0 align uagb-block-7b847f53 uagb-columns__columns-3 uagb-columns__max_width-theme\"><div class=\"uagb-columns__overlay\"><\/div><div class=\"uagb-columns__inner-wrap uagb-columns__columns-3\">\n<div class=\"wp-block-uagb-column uagb-column__wrap uagb-column__background-undefined uagb-block-a4dabb0f\"><div class=\"uagb-column__overlay\"><\/div><\/div>\n\n\n\n<div class=\"wp-block-uagb-column uagb-column__wrap uagb-column__background-undefined uagb-block-34d9e2cb\"><div class=\"uagb-column__overlay\"><\/div>\n<iframe loading=\"lazy\" width=\"560\" height=\"315\" src=\"https:\/\/www.youtube.com\/embed\/hhEg5uM375c?controls=0&amp;=rel=0&#038;amp\" title=\"YouTube video player\" frameborder=\"0\" allow=\"accelerometer; clipboard-write; encrypted-media; gyroscope; picture-in-picture\" allowfullscreen=\"\"><\/iframe>\n<\/div>\n\n\n\n<div class=\"wp-block-uagb-column uagb-column__wrap uagb-column__background-undefined uagb-block-18a06b1a\"><div class=\"uagb-column__overlay\"><\/div><\/div>\n<\/div><\/section>\n<\/div><\/div>\n\n\n\n<div class=\"wp-block-cover alignfull\" style=\"min-height:360px;aspect-ratio:unset;\"><img loading=\"lazy\" decoding=\"async\" width=\"1920\" height=\"360\" class=\"wp-block-cover__image-background wp-image-28451 size-full\" alt=\"\" src=\"https:\/\/ptsoc.pt.pt\/wp-content\/uploads\/2025\/10\/backg_news_18.png\" data-object-fit=\"cover\"\/><span aria-hidden=\"true\" class=\"wp-block-cover__background has-background-dim-0 has-background-dim\" style=\"background-color:#fafafa\"><\/span><div class=\"wp-block-cover__inner-container is-layout-flow wp-block-cover-is-layout-flow\">\n<section class=\"wp-block-uagb-columns uagb-columns__wrap uagb-columns__background-none uagb-columns__stack-mobile uagb-columns__valign- uagb-columns__gap-10 align uagb-block-35cf0d27 uagb-columns__columns-2 uagb-columns__max_width-theme\"><div class=\"uagb-columns__overlay\"><\/div><div class=\"uagb-columns__inner-wrap uagb-columns__columns-2\">\n<div class=\"wp-block-uagb-column uagb-column__wrap uagb-column__background-undefined uagb-block-baf63ed0\"><div class=\"uagb-column__overlay\"><\/div>\n<figure class=\"wp-block-image size-full is-style-default\"><img loading=\"lazy\" decoding=\"async\" width=\"1600\" height=\"395\" src=\"https:\/\/ptsoc.pt.pt\/wp-content\/uploads\/2025\/10\/ptsoc_news18.png\" alt=\"\" class=\"wp-image-28450\"\/><\/figure>\n<\/div>\n\n\n\n<div class=\"wp-block-uagb-column uagb-column__wrap uagb-column__background-undefined uagb-block-fd4af8a5\"><div class=\"uagb-column__overlay\"><\/div>\n<p><\/p>\n<\/div>\n<\/div><\/section>\n\n\n\n<section class=\"wp-block-uagb-columns uagb-columns__wrap uagb-columns__background-none uagb-columns__stack-mobile uagb-columns__valign- uagb-columns__gap-10 align uagb-block-b66db570 uagb-columns__columns-2 uagb-columns__max_width-theme\"><div class=\"uagb-columns__overlay\"><\/div><div class=\"uagb-columns__inner-wrap uagb-columns__columns-2\">\n<div class=\"wp-block-uagb-column uagb-column__wrap uagb-column__background-undefined uagb-block-6aee2701\"><div class=\"uagb-column__overlay\"><\/div>\n<div class=\"wp-block-uagb-buttons uagb-buttons__outer-wrap uagb-btn__default-btn uagb-btn-tablet__default-btn uagb-btn-mobile__default-btn uagb-block-da90f0a3\"><div class=\"uagb-buttons__wrap uagb-buttons-layout-wrap\">\n<div class=\"wp-block-uagb-buttons-child uagb-buttons__outer-wrap uagb-block-e334be52 wp-block-button\"><div class=\"uagb-button__wrapper\"><a class=\"uagb-buttons-repeater wp-block-button__link\" aria-label=\"\" href=\"https:\/\/ptsoc.pt.pt\/wp-content\/uploads\/2025\/10\/PTSOCnews18_-ENG.pdf\" rel=\"follow noopener\" target=\"_blank\" role=\"button\"><div class=\"uagb-button__link\">DOWNLOAD<\/div><\/a><\/div><\/div>\n\n\n\n<div class=\"wp-block-uagb-buttons-child uagb-buttons__outer-wrap uagb-block-0c3211d6 wp-block-button\"><div class=\"uagb-button__wrapper\"><a class=\"uagb-buttons-repeater wp-block-button__link\" aria-label=\"\" href=\"https:\/\/ptsoc.pt.pt\/en\/publicacoes\/\" rel=\"follow noopener\" target=\"_self\" role=\"button\"><div class=\"uagb-button__link\">SUBSCRIPTION<\/div><\/a><\/div><\/div>\n<\/div><\/div>\n<\/div>\n\n\n\n<div class=\"wp-block-uagb-column uagb-column__wrap uagb-column__background-undefined uagb-block-e375b2cc\"><div class=\"uagb-column__overlay\"><\/div><\/div>\n<\/div><\/section>\n<\/div><\/div>\n\n\n\n<p><\/p>","protected":false},"excerpt":{"rendered":"","protected":false},"author":1,"featured_media":0,"parent":0,"menu_order":0,"comment_status":"closed","ping_status":"closed","template":"","meta":{"_coblocks_attr":"","_coblocks_dimensions":"","_coblocks_responsive_height":"","_coblocks_accordion_ie_support":"","_eb_attr":"","_uag_custom_page_level_css":"","site-sidebar-layout":"no-sidebar","site-content-layout":"plain-container","ast-site-content-layout":"normal-width-container","site-content-style":"unboxed","site-sidebar-style":"unboxed","ast-global-header-display":"","ast-banner-title-visibility":"","ast-main-header-display":"","ast-hfb-above-header-display":"","ast-hfb-below-header-display":"","ast-hfb-mobile-header-display":"","site-post-title":"disabled","ast-breadcrumbs-content":"","ast-featured-img":"disabled","footer-sml-layout":"","ast-disable-related-posts":"","theme-transparent-header-meta":"disabled","adv-header-id-meta":"","stick-header-meta":"","header-above-stick-meta":"","header-main-stick-meta":"","header-below-stick-meta":"","astra-migrate-meta-layouts":"set","ast-page-background-enabled":"default","ast-page-background-meta":{"desktop":{"background-color":"","background-image":"","background-repeat":"repeat","background-position":"center center","background-size":"auto","background-attachment":"scroll","background-type":"","background-media":"","overlay-type":"","overlay-color":"","overlay-opacity":"","overlay-gradient":""},"tablet":{"background-color":"","background-image":"","background-repeat":"repeat","background-position":"center center","background-size":"auto","background-attachment":"scroll","background-type":"","background-media":"","overlay-type":"","overlay-color":"","overlay-opacity":"","overlay-gradient":""},"mobile":{"background-color":"","background-image":"","background-repeat":"repeat","background-position":"center center","background-size":"auto","background-attachment":"scroll","background-type":"","background-media":"","overlay-type":"","overlay-color":"","overlay-opacity":"","overlay-gradient":""}},"ast-content-background-meta":{"desktop":{"background-color":"var(--ast-global-color-5)","background-image":"","background-repeat":"repeat","background-position":"center center","background-size":"auto","background-attachment":"scroll","background-type":"","background-media":"","overlay-type":"","overlay-color":"","overlay-opacity":"","overlay-gradient":""},"tablet":{"background-color":"var(--ast-global-color-5)","background-image":"","background-repeat":"repeat","background-position":"center center","background-size":"auto","background-attachment":"scroll","background-type":"","background-media":"","overlay-type":"","overlay-color":"","overlay-opacity":"","overlay-gradient":""},"mobile":{"background-color":"var(--ast-global-color-5)","background-image":"","background-repeat":"repeat","background-position":"center center","background-size":"auto","background-attachment":"scroll","background-type":"","background-media":"","overlay-type":"","overlay-color":"","overlay-opacity":"","overlay-gradient":""}},"footnotes":""},"class_list":["post-25684","page","type-page","status-publish","hentry"],"yoast_head":"<!-- This site is optimized with the Yoast SEO plugin v27.3 - https:\/\/yoast.com\/product\/yoast-seo-wordpress\/ -->\n<title>Home - PTSOC - Centro de Opera\u00e7\u00f5es de Seguran\u00e7a do .PT<\/title>\n<meta name=\"robots\" content=\"index, follow, max-snippet:-1, max-image-preview:large, max-video-preview:-1\" \/>\n<link rel=\"canonical\" href=\"https:\/\/ptsoc.pt.pt\/en\/\" \/>\n<meta property=\"og:locale\" content=\"en_GB\" \/>\n<meta property=\"og:type\" content=\"article\" \/>\n<meta property=\"og:title\" content=\"Home - PTSOC - Centro de Opera\u00e7\u00f5es de Seguran\u00e7a do .PT\" \/>\n<meta property=\"og:url\" content=\"https:\/\/ptsoc.pt.pt\/en\/\" \/>\n<meta property=\"og:site_name\" content=\"PTSOC - Centro de Opera\u00e7\u00f5es de Seguran\u00e7a do .PT\" \/>\n<meta property=\"article:modified_time\" content=\"2025-10-22T11:26:19+00:00\" \/>\n<meta property=\"og:image\" content=\"https:\/\/ptsoc.pt.pt\/wp-content\/uploads\/2021\/09\/banner_soc.png\" \/>\n\t<meta property=\"og:image:width\" content=\"1920\" \/>\n\t<meta property=\"og:image:height\" content=\"670\" \/>\n\t<meta property=\"og:image:type\" content=\"image\/png\" \/>\n<meta name=\"twitter:card\" content=\"summary_large_image\" \/>\n<meta name=\"twitter:label1\" content=\"Estimated reading time\" \/>\n\t<meta name=\"twitter:data1\" content=\"4 minutes\" \/>\n<script type=\"application\/ld+json\" class=\"yoast-schema-graph\">{\"@context\":\"https:\\\/\\\/schema.org\",\"@graph\":[{\"@type\":\"WebPage\",\"@id\":\"https:\\\/\\\/ptsoc.pt.pt\\\/\",\"url\":\"https:\\\/\\\/ptsoc.pt.pt\\\/\",\"name\":\"Home - PTSOC - Centro de Opera\u00e7\u00f5es de Seguran\u00e7a do .PT\",\"isPartOf\":{\"@id\":\"https:\\\/\\\/ptsoc.pt.pt\\\/pt\\\/#website\"},\"primaryImageOfPage\":{\"@id\":\"https:\\\/\\\/ptsoc.pt.pt\\\/#primaryimage\"},\"image\":{\"@id\":\"https:\\\/\\\/ptsoc.pt.pt\\\/#primaryimage\"},\"thumbnailUrl\":\"https:\\\/\\\/ptsoc.dns.pt\\\/wp-content\\\/uploads\\\/2021\\\/09\\\/banner_soc.png\",\"datePublished\":\"2021-09-07T11:05:16+00:00\",\"dateModified\":\"2025-10-22T11:26:19+00:00\",\"breadcrumb\":{\"@id\":\"https:\\\/\\\/ptsoc.pt.pt\\\/#breadcrumb\"},\"inLanguage\":\"en-GB\",\"potentialAction\":[{\"@type\":\"ReadAction\",\"target\":[\"https:\\\/\\\/ptsoc.pt.pt\\\/\"]}]},{\"@type\":\"ImageObject\",\"inLanguage\":\"en-GB\",\"@id\":\"https:\\\/\\\/ptsoc.pt.pt\\\/#primaryimage\",\"url\":\"https:\\\/\\\/ptsoc.dns.pt\\\/wp-content\\\/uploads\\\/2021\\\/09\\\/banner_soc.png\",\"contentUrl\":\"https:\\\/\\\/ptsoc.dns.pt\\\/wp-content\\\/uploads\\\/2021\\\/09\\\/banner_soc.png\"},{\"@type\":\"BreadcrumbList\",\"@id\":\"https:\\\/\\\/ptsoc.pt.pt\\\/#breadcrumb\",\"itemListElement\":[{\"@type\":\"ListItem\",\"position\":1,\"name\":\"In\u00edcio\",\"item\":\"https:\\\/\\\/ptsoc.pt.pt\\\/\"},{\"@type\":\"ListItem\",\"position\":2,\"name\":\"Home\"}]},{\"@type\":\"WebSite\",\"@id\":\"https:\\\/\\\/ptsoc.pt.pt\\\/pt\\\/#website\",\"url\":\"https:\\\/\\\/ptsoc.pt.pt\\\/pt\\\/\",\"name\":\"PTSOC - Centro de Opera\u00e7\u00f5es de Seguran\u00e7a do .PT\",\"description\":\"Centro de Opera\u00e7\u00f5es de Seguran\u00e7a\",\"publisher\":{\"@id\":\"https:\\\/\\\/ptsoc.pt.pt\\\/pt\\\/#organization\"},\"potentialAction\":[{\"@type\":\"SearchAction\",\"target\":{\"@type\":\"EntryPoint\",\"urlTemplate\":\"https:\\\/\\\/ptsoc.pt.pt\\\/pt\\\/?s={search_term_string}\"},\"query-input\":{\"@type\":\"PropertyValueSpecification\",\"valueRequired\":true,\"valueName\":\"search_term_string\"}}],\"inLanguage\":\"en-GB\"},{\"@type\":\"Organization\",\"@id\":\"https:\\\/\\\/ptsoc.pt.pt\\\/pt\\\/#organization\",\"name\":\"PTSOC - Centro de Opera\u00e7\u00f5es de Seguran\u00e7a do .PT\",\"url\":\"https:\\\/\\\/ptsoc.pt.pt\\\/pt\\\/\",\"logo\":{\"@type\":\"ImageObject\",\"inLanguage\":\"en-GB\",\"@id\":\"https:\\\/\\\/ptsoc.pt.pt\\\/pt\\\/#\\\/schema\\\/logo\\\/image\\\/\",\"url\":\"https:\\\/\\\/ptsoc.pt.pt\\\/wp-content\\\/uploads\\\/2024\\\/05\\\/ptsoc_iconW.png\",\"contentUrl\":\"https:\\\/\\\/ptsoc.pt.pt\\\/wp-content\\\/uploads\\\/2024\\\/05\\\/ptsoc_iconW.png\",\"width\":470,\"height\":511,\"caption\":\"PTSOC - Centro de Opera\u00e7\u00f5es de Seguran\u00e7a do .PT\"},\"image\":{\"@id\":\"https:\\\/\\\/ptsoc.pt.pt\\\/pt\\\/#\\\/schema\\\/logo\\\/image\\\/\"}}]}<\/script>\n<!-- \/ Yoast SEO plugin. -->","yoast_head_json":{"title":"Home - PTSOC - Centro de Opera\u00e7\u00f5es de Seguran\u00e7a do .PT","robots":{"index":"index","follow":"follow","max-snippet":"max-snippet:-1","max-image-preview":"max-image-preview:large","max-video-preview":"max-video-preview:-1"},"canonical":"https:\/\/ptsoc.pt.pt\/en\/","og_locale":"en_GB","og_type":"article","og_title":"Home - PTSOC - Centro de Opera\u00e7\u00f5es de Seguran\u00e7a do .PT","og_url":"https:\/\/ptsoc.pt.pt\/en\/","og_site_name":"PTSOC - Centro de Opera\u00e7\u00f5es de Seguran\u00e7a do .PT","article_modified_time":"2025-10-22T11:26:19+00:00","og_image":[{"width":1920,"height":670,"url":"https:\/\/ptsoc.pt.pt\/wp-content\/uploads\/2021\/09\/banner_soc.png","type":"image\/png"}],"twitter_card":"summary_large_image","twitter_misc":{"Estimated reading time":"4 minutes"},"schema":{"@context":"https:\/\/schema.org","@graph":[{"@type":"WebPage","@id":"https:\/\/ptsoc.pt.pt\/","url":"https:\/\/ptsoc.pt.pt\/","name":"Home - PTSOC - Centro de Opera\u00e7\u00f5es de Seguran\u00e7a do .PT","isPartOf":{"@id":"https:\/\/ptsoc.pt.pt\/pt\/#website"},"primaryImageOfPage":{"@id":"https:\/\/ptsoc.pt.pt\/#primaryimage"},"image":{"@id":"https:\/\/ptsoc.pt.pt\/#primaryimage"},"thumbnailUrl":"https:\/\/ptsoc.dns.pt\/wp-content\/uploads\/2021\/09\/banner_soc.png","datePublished":"2021-09-07T11:05:16+00:00","dateModified":"2025-10-22T11:26:19+00:00","breadcrumb":{"@id":"https:\/\/ptsoc.pt.pt\/#breadcrumb"},"inLanguage":"en-GB","potentialAction":[{"@type":"ReadAction","target":["https:\/\/ptsoc.pt.pt\/"]}]},{"@type":"ImageObject","inLanguage":"en-GB","@id":"https:\/\/ptsoc.pt.pt\/#primaryimage","url":"https:\/\/ptsoc.dns.pt\/wp-content\/uploads\/2021\/09\/banner_soc.png","contentUrl":"https:\/\/ptsoc.dns.pt\/wp-content\/uploads\/2021\/09\/banner_soc.png"},{"@type":"BreadcrumbList","@id":"https:\/\/ptsoc.pt.pt\/#breadcrumb","itemListElement":[{"@type":"ListItem","position":1,"name":"In\u00edcio","item":"https:\/\/ptsoc.pt.pt\/"},{"@type":"ListItem","position":2,"name":"Home"}]},{"@type":"WebSite","@id":"https:\/\/ptsoc.pt.pt\/pt\/#website","url":"https:\/\/ptsoc.pt.pt\/pt\/","name":"PTSOC - Centro de Opera\u00e7\u00f5es de Seguran\u00e7a do .PT","description":"Centro de Opera\u00e7\u00f5es de Seguran\u00e7a","publisher":{"@id":"https:\/\/ptsoc.pt.pt\/pt\/#organization"},"potentialAction":[{"@type":"SearchAction","target":{"@type":"EntryPoint","urlTemplate":"https:\/\/ptsoc.pt.pt\/pt\/?s={search_term_string}"},"query-input":{"@type":"PropertyValueSpecification","valueRequired":true,"valueName":"search_term_string"}}],"inLanguage":"en-GB"},{"@type":"Organization","@id":"https:\/\/ptsoc.pt.pt\/pt\/#organization","name":"PTSOC - Centro de Opera\u00e7\u00f5es de Seguran\u00e7a do .PT","url":"https:\/\/ptsoc.pt.pt\/pt\/","logo":{"@type":"ImageObject","inLanguage":"en-GB","@id":"https:\/\/ptsoc.pt.pt\/pt\/#\/schema\/logo\/image\/","url":"https:\/\/ptsoc.pt.pt\/wp-content\/uploads\/2024\/05\/ptsoc_iconW.png","contentUrl":"https:\/\/ptsoc.pt.pt\/wp-content\/uploads\/2024\/05\/ptsoc_iconW.png","width":470,"height":511,"caption":"PTSOC - Centro de Opera\u00e7\u00f5es de Seguran\u00e7a do .PT"},"image":{"@id":"https:\/\/ptsoc.pt.pt\/pt\/#\/schema\/logo\/image\/"}}]}},"uagb_featured_image_src":{"full":false,"thumbnail":false,"medium":false,"medium_large":false,"large":false,"1536x1536":false,"2048x2048":false,"trp-custom-language-flag":false},"uagb_author_info":{"display_name":"pgoes","author_link":"https:\/\/ptsoc.pt.pt\/en\/author\/pgoes\/"},"uagb_comment_info":0,"uagb_excerpt":null,"_links":{"self":[{"href":"https:\/\/ptsoc.pt.pt\/en\/wp-json\/wp\/v2\/pages\/25684","targetHints":{"allow":["GET"]}}],"collection":[{"href":"https:\/\/ptsoc.pt.pt\/en\/wp-json\/wp\/v2\/pages"}],"about":[{"href":"https:\/\/ptsoc.pt.pt\/en\/wp-json\/wp\/v2\/types\/page"}],"author":[{"embeddable":true,"href":"https:\/\/ptsoc.pt.pt\/en\/wp-json\/wp\/v2\/users\/1"}],"replies":[{"embeddable":true,"href":"https:\/\/ptsoc.pt.pt\/en\/wp-json\/wp\/v2\/comments?post=25684"}],"version-history":[{"count":166,"href":"https:\/\/ptsoc.pt.pt\/en\/wp-json\/wp\/v2\/pages\/25684\/revisions"}],"predecessor-version":[{"id":28461,"href":"https:\/\/ptsoc.pt.pt\/en\/wp-json\/wp\/v2\/pages\/25684\/revisions\/28461"}],"wp:attachment":[{"href":"https:\/\/ptsoc.pt.pt\/en\/wp-json\/wp\/v2\/media?parent=25684"}],"curies":[{"name":"wp","href":"https:\/\/api.w.org\/{rel}","templated":true}]}}