{"id":25403,"date":"2020-09-16T05:09:06","date_gmt":"2020-09-16T04:09:06","guid":{"rendered":"http:\/\/ptsocweb.local\/all-courses\/"},"modified":"2026-02-10T13:38:59","modified_gmt":"2026-02-10T13:38:59","slug":"servicos","status":"publish","type":"page","link":"https:\/\/ptsoc.pt.pt\/en\/servicos\/","title":{"rendered":"Servi\u00e7os"},"content":{"rendered":"<section class=\"inherit-container-width wp-block-group alignfull has-background is-layout-constrained wp-block-group-is-layout-constrained\" style=\"background-color:#e7e6e6\">\n<section class=\"wp-block-uagb-section uagb-section__wrap uagb-section__background-none uagb-block-704fc5ff\"><div class=\"uagb-section__overlay\"><\/div><div class=\"uagb-section__inner-wrap\">\n<div class=\"wp-block-columns alignwide is-layout-flex wp-container-core-columns-is-layout-28f84493 wp-block-columns-is-layout-flex\">\n<div class=\"wp-block-column is-vertically-aligned-top is-layout-flow wp-block-column-is-layout-flow\" style=\"flex-basis:900px\">\n<h1 class=\"wp-block-heading\" id=\"servicos\"><mark style=\"background-color:rgba(0, 0, 0, 0)\" class=\"has-inline-color has-ast-global-color-1-color\">SERVICES<\/mark><\/h1>\n<\/div>\n<\/div>\n<\/div><\/section>\n\n\n\n<div style=\"height:60px\" aria-hidden=\"true\" class=\"wp-block-spacer uag-hide-tab uag-hide-mob uag-hide-tab uag-hide-mob\"><\/div>\n\n\n\n<section class=\"wp-block-uagb-section uagb-section__wrap uagb-section__background-none uagb-block-1f12317a\"><div class=\"uagb-section__overlay\"><\/div><div class=\"uagb-section__inner-wrap\">\n<div class=\"wp-block-columns is-layout-flex wp-container-core-columns-is-layout-28f84493 wp-block-columns-is-layout-flex\">\n<div class=\"wp-block-column is-vertically-aligned-top is-layout-flow wp-block-column-is-layout-flow\" style=\"flex-basis:200px\">\n<figure class=\"wp-block-image aligncenter size-full is-resized is-style-default\"><img loading=\"lazy\" decoding=\"async\" width=\"600\" height=\"450\" src=\"https:\/\/ptsoc.pt.pt\/wp-content\/uploads\/2026\/02\/gestao.png\" alt=\"\" class=\"wp-image-28514\"\/><\/figure>\n<\/div>\n\n\n\n<div class=\"wp-block-column is-vertically-aligned-top is-layout-flow wp-block-column-is-layout-flow\" style=\"padding-bottom:var(--wp--preset--spacing--60);flex-basis:700px\">\n<h3 class=\"wp-block-heading alignwide\" id=\"gestao-de-eventos-e-incidentes\"><mark style=\"background-color:rgba(0, 0, 0, 0)\" class=\"has-inline-color has-ast-global-color-0-color\">INCIDENT AND EVENT MANAGEMENT<\/mark><\/h3>\n\n\n\n<p class=\"has-normal-font-size\" style=\"margin-top:0px;margin-bottom:0px;line-height:1.7\">\u2022 Detection and report of DNS Abuse under .pt zone<br>\u2022 Coopera\u00e7\u00e3o na identifica\u00e7\u00e3o e resposta a incidentes de seguran\u00e7a na zona .pt <br>   (<a href=\"https:\/\/ptsoc.pt.pt\/en\/rfc-2350\/\">RFC 2350<\/a>) (<a rel=\"noreferrer noopener\" href=\"https:\/\/ptsoc.pt.pt\/wp-content\/uploads\/2023\/08\/rfc2350.txt\" target=\"_blank\">RFC 2350 PGP Signed<\/a>)<br>\u2022 <a href=\"https:\/\/ptsoc.pt.pt\/en\/reportar-incidentes\/\">Reporting of incidents<\/a><\/p>\n<\/div>\n<\/div>\n\n\n\n<div class=\"wp-block-columns is-layout-flex wp-container-core-columns-is-layout-28f84493 wp-block-columns-is-layout-flex\">\n<div class=\"wp-block-column is-layout-flow wp-block-column-is-layout-flow\" style=\"flex-basis:200px\">\n<figure class=\"wp-block-image aligncenter size-full is-resized is-style-default\" style=\"margin-top:0;margin-bottom:0\"><img loading=\"lazy\" decoding=\"async\" width=\"600\" height=\"450\" src=\"https:\/\/ptsoc.pt.pt\/wp-content\/uploads\/2026\/02\/colabora.png\" alt=\"\" class=\"wp-image-28513\"\/><\/figure>\n<\/div>\n\n\n\n<div class=\"wp-block-column is-vertically-aligned-top is-layout-flow wp-block-column-is-layout-flow\" style=\"flex-basis:700px\">\n<h3 class=\"wp-block-heading\" id=\"colaboracao\"><mark style=\"background-color:rgba(0, 0, 0, 0)\" class=\"has-inline-color has-ast-global-color-0-color\">COLABORATION<\/mark><\/h3>\n\n\n\n<p class=\"has-normal-font-size\" style=\"margin-top:0px;margin-bottom:30px;line-height:1.7\">\u2022 Investigation and share of indicators of compromise (IOC)<br>\u2022 Detection and share relevant vulnerability information<br>\u2022 Development and share of information security materials (<a href=\"https:\/\/ptsoc.pt.pt\/en\/publicacoes\/\">Publications<\/a>)<br>\u2022 Technical support in the implementation of security standards<br>\u2022 Servi\u00e7o de Registry Lock (<a href=\"https:\/\/www.pt.pt\/fotos\/editor2\/logos\/flyer_registrylock.pdf\">+ Informa\u00e7\u00e3o<\/a>)<\/p>\n<\/div>\n<\/div>\n<\/div><\/section>\n\n\n\n<div style=\"height:20px\" aria-hidden=\"true\" class=\"wp-block-spacer uag-hide-tab uag-hide-mob uag-hide-tab uag-hide-mob\"><\/div>\n\n\n\n<section class=\"wp-block-uagb-section uagb-section__wrap uagb-section__background-none uagb-block-3a43601a\"><div class=\"uagb-section__overlay\"><\/div><div class=\"uagb-section__inner-wrap\">\n<div class=\"wp-block-columns alignwide is-layout-flex wp-container-core-columns-is-layout-28f84493 wp-block-columns-is-layout-flex\">\n<div class=\"wp-block-column is-vertically-aligned-bottom is-layout-flow wp-block-column-is-layout-flow\" style=\"flex-basis:900px\">\n<h3 class=\"wp-block-heading\" id=\"exemplos-de-colaboracao\"><span class=\"has-text-color has-medium-font-size\" style=\"color:#005ca9\">EXAMPLES OF COLLABORATION<\/span><\/h3>\n<\/div>\n<\/div>\n\n\n\n<div class=\"wp-block-columns alignfull are-vertically-aligned-center is-layout-flex wp-container-core-columns-is-layout-28f84493 wp-block-columns-is-layout-flex\">\n<div class=\"wp-block-column is-vertically-aligned-center is-layout-flow wp-block-column-is-layout-flow\">\n<figure class=\"wp-block-image aligncenter size-thumbnail is-resized is-style-default\"><a href=\"https:\/\/www.centr.org\/\"><img loading=\"lazy\" decoding=\"async\" width=\"150\" height=\"150\" src=\"https:\/\/ptsoc.dns.pt\/wp-content\/uploads\/2021\/09\/logo_centr-150x150.png\" alt=\"\" class=\"wp-image-25938\" style=\"width:84px;height:auto\"\/><\/a><\/figure>\n<\/div>\n\n\n\n<div class=\"wp-block-column is-layout-flow wp-block-column-is-layout-flow\">\n<figure class=\"wp-block-image aligncenter size-full is-resized\"><a href=\"https:\/\/www.cncs.gov.pt\/\"><img loading=\"lazy\" decoding=\"async\" width=\"376\" height=\"194\" src=\"https:\/\/ptsoc.dns.pt\/wp-content\/uploads\/2021\/09\/logo_cncs.png\" alt=\"\" class=\"wp-image-25951\" style=\"width:215px;height:auto\" srcset=\"https:\/\/ptsoc.pt.pt\/wp-content\/uploads\/2021\/09\/logo_cncs.png 376w, https:\/\/ptsoc.pt.pt\/wp-content\/uploads\/2021\/09\/logo_cncs-300x155.png 300w\" sizes=\"auto, (max-width: 376px) 100vw, 376px\" \/><\/a><\/figure>\n<\/div>\n\n\n\n<div class=\"wp-block-column is-layout-flow wp-block-column-is-layout-flow\">\n<figure class=\"wp-block-image aligncenter size-full is-resized\"><a href=\"https:\/\/ccnso.icann.org\/en\/resources\/tld-ops-secure-communication.htm\"><img loading=\"lazy\" decoding=\"async\" width=\"210\" height=\"194\" src=\"https:\/\/ptsoc.dns.pt\/wp-content\/uploads\/2021\/09\/logo_tld-ops.png\" alt=\"\" class=\"wp-image-25942\" style=\"aspect-ratio:1.082579423521986;width:92px;height:auto\"\/><\/a><\/figure>\n<\/div>\n\n\n\n<div class=\"wp-block-column is-layout-flow wp-block-column-is-layout-flow\">\n<figure class=\"wp-block-image aligncenter size-full is-resized\"><a href=\"https:\/\/www.manrs.org\/\"><img loading=\"lazy\" decoding=\"async\" width=\"401\" height=\"194\" src=\"https:\/\/ptsoc.dns.pt\/wp-content\/uploads\/2021\/09\/logo_manrs.png\" alt=\"\" class=\"wp-image-25952\" style=\"aspect-ratio:2.067296102852551;width:149px;height:auto\" srcset=\"https:\/\/ptsoc.pt.pt\/wp-content\/uploads\/2021\/09\/logo_manrs.png 401w, https:\/\/ptsoc.pt.pt\/wp-content\/uploads\/2021\/09\/logo_manrs-300x145.png 300w\" sizes=\"auto, (max-width: 401px) 100vw, 401px\" \/><\/a><\/figure>\n<\/div>\n\n\n\n<div class=\"wp-block-column is-layout-flow wp-block-column-is-layout-flow\">\n<figure class=\"wp-block-image aligncenter size-full is-resized\"><a href=\"https:\/\/www.redecsirt.pt\/\"><img loading=\"lazy\" decoding=\"async\" width=\"165\" height=\"97\" src=\"https:\/\/ptsoc.dns.pt\/wp-content\/uploads\/2021\/09\/logo_csirt2.png\" alt=\"\" class=\"wp-image-25940\" style=\"aspect-ratio:1.7012729376756488;width:145px;height:auto\"\/><\/a><\/figure>\n<\/div>\n<\/div>\n<\/div><\/section>\n\n\n\n<div style=\"height:50px\" aria-hidden=\"true\" class=\"wp-block-spacer uag-hide-tab uag-hide-mob uag-hide-tab uag-hide-mob\"><\/div>\n<\/section>\n\n\n\n<p><\/p>","protected":false},"excerpt":{"rendered":"","protected":false},"author":1,"featured_media":0,"parent":0,"menu_order":0,"comment_status":"closed","ping_status":"closed","template":"","meta":{"_coblocks_attr":"","_coblocks_dimensions":"","_coblocks_responsive_height":"","_coblocks_accordion_ie_support":"","_eb_attr":"","_uag_custom_page_level_css":"","site-sidebar-layout":"no-sidebar","site-content-layout":"plain-container","ast-site-content-layout":"normal-width-container","site-content-style":"unboxed","site-sidebar-style":"unboxed","ast-global-header-display":"","ast-banner-title-visibility":"","ast-main-header-display":"","ast-hfb-above-header-display":"","ast-hfb-below-header-display":"","ast-hfb-mobile-header-display":"","site-post-title":"","ast-breadcrumbs-content":"","ast-featured-img":"","footer-sml-layout":"","ast-disable-related-posts":"","theme-transparent-header-meta":"enabled","adv-header-id-meta":"","stick-header-meta":"","header-above-stick-meta":"","header-main-stick-meta":"","header-below-stick-meta":"","astra-migrate-meta-layouts":"set","ast-page-background-enabled":"default","ast-page-background-meta":{"desktop":{"background-color":"","background-image":"","background-repeat":"repeat","background-position":"center center","background-size":"auto","background-attachment":"scroll","background-type":"","background-media":"","overlay-type":"","overlay-color":"","overlay-opacity":"","overlay-gradient":""},"tablet":{"background-color":"","background-image":"","background-repeat":"repeat","background-position":"center center","background-size":"auto","background-attachment":"scroll","background-type":"","background-media":"","overlay-type":"","overlay-color":"","overlay-opacity":"","overlay-gradient":""},"mobile":{"background-color":"","background-image":"","background-repeat":"repeat","background-position":"center center","background-size":"auto","background-attachment":"scroll","background-type":"","background-media":"","overlay-type":"","overlay-color":"","overlay-opacity":"","overlay-gradient":""}},"ast-content-background-meta":{"desktop":{"background-color":"var(--ast-global-color-5)","background-image":"","background-repeat":"repeat","background-position":"center center","background-size":"auto","background-attachment":"scroll","background-type":"","background-media":"","overlay-type":"","overlay-color":"","overlay-opacity":"","overlay-gradient":""},"tablet":{"background-color":"var(--ast-global-color-5)","background-image":"","background-repeat":"repeat","background-position":"center center","background-size":"auto","background-attachment":"scroll","background-type":"","background-media":"","overlay-type":"","overlay-color":"","overlay-opacity":"","overlay-gradient":""},"mobile":{"background-color":"var(--ast-global-color-5)","background-image":"","background-repeat":"repeat","background-position":"center center","background-size":"auto","background-attachment":"scroll","background-type":"","background-media":"","overlay-type":"","overlay-color":"","overlay-opacity":"","overlay-gradient":""}},"footnotes":""},"class_list":["post-25403","page","type-page","status-publish","hentry"],"yoast_head":"<!-- This site is optimized with the Yoast SEO plugin v27.4 - https:\/\/yoast.com\/product\/yoast-seo-wordpress\/ -->\n<title>Servi\u00e7os - PTSOC - Centro de Opera\u00e7\u00f5es de Seguran\u00e7a do .PT<\/title>\n<meta name=\"robots\" content=\"index, follow, max-snippet:-1, max-image-preview:large, max-video-preview:-1\" \/>\n<link rel=\"canonical\" href=\"https:\/\/ptsoc.pt.pt\/en\/servicos\/\" \/>\n<meta property=\"og:locale\" content=\"en_GB\" \/>\n<meta property=\"og:type\" content=\"article\" \/>\n<meta property=\"og:title\" content=\"Servi\u00e7os - PTSOC - Centro de Opera\u00e7\u00f5es de Seguran\u00e7a do .PT\" \/>\n<meta property=\"og:url\" content=\"https:\/\/ptsoc.pt.pt\/en\/servicos\/\" \/>\n<meta property=\"og:site_name\" content=\"PTSOC - Centro de Opera\u00e7\u00f5es de Seguran\u00e7a do .PT\" \/>\n<meta property=\"article:modified_time\" content=\"2026-02-10T13:38:59+00:00\" \/>\n<meta property=\"og:image\" content=\"https:\/\/ptsoc.pt.pt\/wp-content\/uploads\/2026\/02\/gestao.png\" \/>\n\t<meta property=\"og:image:width\" content=\"600\" \/>\n\t<meta property=\"og:image:height\" content=\"450\" \/>\n\t<meta property=\"og:image:type\" content=\"image\/png\" \/>\n<meta name=\"twitter:card\" content=\"summary_large_image\" \/>\n<meta name=\"twitter:label1\" content=\"Estimated reading time\" \/>\n\t<meta name=\"twitter:data1\" content=\"2 minutes\" \/>\n<script type=\"application\/ld+json\" class=\"yoast-schema-graph\">{\"@context\":\"https:\\\/\\\/schema.org\",\"@graph\":[{\"@type\":\"WebPage\",\"@id\":\"https:\\\/\\\/ptsoc.pt.pt\\\/servicos\\\/\",\"url\":\"https:\\\/\\\/ptsoc.pt.pt\\\/servicos\\\/\",\"name\":\"Servi\u00e7os - PTSOC - Centro de Opera\u00e7\u00f5es de Seguran\u00e7a do .PT\",\"isPartOf\":{\"@id\":\"https:\\\/\\\/ptsoc.pt.pt\\\/pt\\\/#website\"},\"primaryImageOfPage\":{\"@id\":\"https:\\\/\\\/ptsoc.pt.pt\\\/servicos\\\/#primaryimage\"},\"image\":{\"@id\":\"https:\\\/\\\/ptsoc.pt.pt\\\/servicos\\\/#primaryimage\"},\"thumbnailUrl\":\"https:\\\/\\\/ptsoc.pt.pt\\\/wp-content\\\/uploads\\\/2026\\\/02\\\/gestao.png\",\"datePublished\":\"2020-09-16T04:09:06+00:00\",\"dateModified\":\"2026-02-10T13:38:59+00:00\",\"breadcrumb\":{\"@id\":\"https:\\\/\\\/ptsoc.pt.pt\\\/servicos\\\/#breadcrumb\"},\"inLanguage\":\"en-GB\",\"potentialAction\":[{\"@type\":\"ReadAction\",\"target\":[\"https:\\\/\\\/ptsoc.pt.pt\\\/servicos\\\/\"]}]},{\"@type\":\"ImageObject\",\"inLanguage\":\"en-GB\",\"@id\":\"https:\\\/\\\/ptsoc.pt.pt\\\/servicos\\\/#primaryimage\",\"url\":\"https:\\\/\\\/ptsoc.pt.pt\\\/wp-content\\\/uploads\\\/2026\\\/02\\\/gestao.png\",\"contentUrl\":\"https:\\\/\\\/ptsoc.pt.pt\\\/wp-content\\\/uploads\\\/2026\\\/02\\\/gestao.png\"},{\"@type\":\"BreadcrumbList\",\"@id\":\"https:\\\/\\\/ptsoc.pt.pt\\\/servicos\\\/#breadcrumb\",\"itemListElement\":[{\"@type\":\"ListItem\",\"position\":1,\"name\":\"In\u00edcio\",\"item\":\"https:\\\/\\\/ptsoc.pt.pt\\\/\"},{\"@type\":\"ListItem\",\"position\":2,\"name\":\"Servi\u00e7os\"}]},{\"@type\":\"WebSite\",\"@id\":\"https:\\\/\\\/ptsoc.pt.pt\\\/pt\\\/#website\",\"url\":\"https:\\\/\\\/ptsoc.pt.pt\\\/pt\\\/\",\"name\":\"PTSOC - Centro de Opera\u00e7\u00f5es de Seguran\u00e7a do .PT\",\"description\":\"Centro de Opera\u00e7\u00f5es de Seguran\u00e7a\",\"publisher\":{\"@id\":\"https:\\\/\\\/ptsoc.pt.pt\\\/pt\\\/#organization\"},\"potentialAction\":[{\"@type\":\"SearchAction\",\"target\":{\"@type\":\"EntryPoint\",\"urlTemplate\":\"https:\\\/\\\/ptsoc.pt.pt\\\/pt\\\/?s={search_term_string}\"},\"query-input\":{\"@type\":\"PropertyValueSpecification\",\"valueRequired\":true,\"valueName\":\"search_term_string\"}}],\"inLanguage\":\"en-GB\"},{\"@type\":\"Organization\",\"@id\":\"https:\\\/\\\/ptsoc.pt.pt\\\/pt\\\/#organization\",\"name\":\"PTSOC - Centro de Opera\u00e7\u00f5es de Seguran\u00e7a do .PT\",\"url\":\"https:\\\/\\\/ptsoc.pt.pt\\\/pt\\\/\",\"logo\":{\"@type\":\"ImageObject\",\"inLanguage\":\"en-GB\",\"@id\":\"https:\\\/\\\/ptsoc.pt.pt\\\/pt\\\/#\\\/schema\\\/logo\\\/image\\\/\",\"url\":\"https:\\\/\\\/ptsoc.pt.pt\\\/wp-content\\\/uploads\\\/2024\\\/05\\\/ptsoc_iconW.png\",\"contentUrl\":\"https:\\\/\\\/ptsoc.pt.pt\\\/wp-content\\\/uploads\\\/2024\\\/05\\\/ptsoc_iconW.png\",\"width\":470,\"height\":511,\"caption\":\"PTSOC - Centro de Opera\u00e7\u00f5es de Seguran\u00e7a do .PT\"},\"image\":{\"@id\":\"https:\\\/\\\/ptsoc.pt.pt\\\/pt\\\/#\\\/schema\\\/logo\\\/image\\\/\"}}]}<\/script>\n<!-- \/ Yoast SEO plugin. -->","yoast_head_json":{"title":"Servi\u00e7os - PTSOC - Centro de Opera\u00e7\u00f5es de Seguran\u00e7a do .PT","robots":{"index":"index","follow":"follow","max-snippet":"max-snippet:-1","max-image-preview":"max-image-preview:large","max-video-preview":"max-video-preview:-1"},"canonical":"https:\/\/ptsoc.pt.pt\/en\/servicos\/","og_locale":"en_GB","og_type":"article","og_title":"Servi\u00e7os - PTSOC - Centro de Opera\u00e7\u00f5es de Seguran\u00e7a do .PT","og_url":"https:\/\/ptsoc.pt.pt\/en\/servicos\/","og_site_name":"PTSOC - Centro de Opera\u00e7\u00f5es de Seguran\u00e7a do .PT","article_modified_time":"2026-02-10T13:38:59+00:00","og_image":[{"width":600,"height":450,"url":"https:\/\/ptsoc.pt.pt\/wp-content\/uploads\/2026\/02\/gestao.png","type":"image\/png"}],"twitter_card":"summary_large_image","twitter_misc":{"Estimated reading time":"2 minutes"},"schema":{"@context":"https:\/\/schema.org","@graph":[{"@type":"WebPage","@id":"https:\/\/ptsoc.pt.pt\/servicos\/","url":"https:\/\/ptsoc.pt.pt\/servicos\/","name":"Servi\u00e7os - PTSOC - Centro de Opera\u00e7\u00f5es de Seguran\u00e7a do .PT","isPartOf":{"@id":"https:\/\/ptsoc.pt.pt\/pt\/#website"},"primaryImageOfPage":{"@id":"https:\/\/ptsoc.pt.pt\/servicos\/#primaryimage"},"image":{"@id":"https:\/\/ptsoc.pt.pt\/servicos\/#primaryimage"},"thumbnailUrl":"https:\/\/ptsoc.pt.pt\/wp-content\/uploads\/2026\/02\/gestao.png","datePublished":"2020-09-16T04:09:06+00:00","dateModified":"2026-02-10T13:38:59+00:00","breadcrumb":{"@id":"https:\/\/ptsoc.pt.pt\/servicos\/#breadcrumb"},"inLanguage":"en-GB","potentialAction":[{"@type":"ReadAction","target":["https:\/\/ptsoc.pt.pt\/servicos\/"]}]},{"@type":"ImageObject","inLanguage":"en-GB","@id":"https:\/\/ptsoc.pt.pt\/servicos\/#primaryimage","url":"https:\/\/ptsoc.pt.pt\/wp-content\/uploads\/2026\/02\/gestao.png","contentUrl":"https:\/\/ptsoc.pt.pt\/wp-content\/uploads\/2026\/02\/gestao.png"},{"@type":"BreadcrumbList","@id":"https:\/\/ptsoc.pt.pt\/servicos\/#breadcrumb","itemListElement":[{"@type":"ListItem","position":1,"name":"In\u00edcio","item":"https:\/\/ptsoc.pt.pt\/"},{"@type":"ListItem","position":2,"name":"Servi\u00e7os"}]},{"@type":"WebSite","@id":"https:\/\/ptsoc.pt.pt\/pt\/#website","url":"https:\/\/ptsoc.pt.pt\/pt\/","name":"PTSOC - Centro de Opera\u00e7\u00f5es de Seguran\u00e7a do .PT","description":"Centro de Opera\u00e7\u00f5es de Seguran\u00e7a","publisher":{"@id":"https:\/\/ptsoc.pt.pt\/pt\/#organization"},"potentialAction":[{"@type":"SearchAction","target":{"@type":"EntryPoint","urlTemplate":"https:\/\/ptsoc.pt.pt\/pt\/?s={search_term_string}"},"query-input":{"@type":"PropertyValueSpecification","valueRequired":true,"valueName":"search_term_string"}}],"inLanguage":"en-GB"},{"@type":"Organization","@id":"https:\/\/ptsoc.pt.pt\/pt\/#organization","name":"PTSOC - Centro de Opera\u00e7\u00f5es de Seguran\u00e7a do .PT","url":"https:\/\/ptsoc.pt.pt\/pt\/","logo":{"@type":"ImageObject","inLanguage":"en-GB","@id":"https:\/\/ptsoc.pt.pt\/pt\/#\/schema\/logo\/image\/","url":"https:\/\/ptsoc.pt.pt\/wp-content\/uploads\/2024\/05\/ptsoc_iconW.png","contentUrl":"https:\/\/ptsoc.pt.pt\/wp-content\/uploads\/2024\/05\/ptsoc_iconW.png","width":470,"height":511,"caption":"PTSOC - Centro de Opera\u00e7\u00f5es de Seguran\u00e7a do .PT"},"image":{"@id":"https:\/\/ptsoc.pt.pt\/pt\/#\/schema\/logo\/image\/"}}]}},"uagb_featured_image_src":{"full":false,"thumbnail":false,"medium":false,"medium_large":false,"large":false,"1536x1536":false,"2048x2048":false,"trp-custom-language-flag":false},"uagb_author_info":{"display_name":"pgoes","author_link":"https:\/\/ptsoc.pt.pt\/en\/author\/pgoes\/"},"uagb_comment_info":0,"uagb_excerpt":null,"_links":{"self":[{"href":"https:\/\/ptsoc.pt.pt\/en\/wp-json\/wp\/v2\/pages\/25403","targetHints":{"allow":["GET"]}}],"collection":[{"href":"https:\/\/ptsoc.pt.pt\/en\/wp-json\/wp\/v2\/pages"}],"about":[{"href":"https:\/\/ptsoc.pt.pt\/en\/wp-json\/wp\/v2\/types\/page"}],"author":[{"embeddable":true,"href":"https:\/\/ptsoc.pt.pt\/en\/wp-json\/wp\/v2\/users\/1"}],"replies":[{"embeddable":true,"href":"https:\/\/ptsoc.pt.pt\/en\/wp-json\/wp\/v2\/comments?post=25403"}],"version-history":[{"count":113,"href":"https:\/\/ptsoc.pt.pt\/en\/wp-json\/wp\/v2\/pages\/25403\/revisions"}],"predecessor-version":[{"id":28522,"href":"https:\/\/ptsoc.pt.pt\/en\/wp-json\/wp\/v2\/pages\/25403\/revisions\/28522"}],"wp:attachment":[{"href":"https:\/\/ptsoc.pt.pt\/en\/wp-json\/wp\/v2\/media?parent=25403"}],"curies":[{"name":"wp","href":"https:\/\/api.w.org\/{rel}","templated":true}]}}